{"id":1468,"date":"2024-11-28T11:20:04","date_gmt":"2024-11-28T04:20:04","guid":{"rendered":"https:\/\/thevillagechateau.com\/?page_id=1468"},"modified":"2024-12-12T14:10:51","modified_gmt":"2024-12-12T07:10:51","slug":"bo-suu-tap-2","status":"publish","type":"page","link":"https:\/\/thevillagechateau.com\/vi\/bo-suu-tap-2\/","title":{"rendered":"B\u1ed9 s\u01b0u t\u1eadp"},"content":{"rendered":"<div class=\"wpb-content-wrapper\"><p>[vc_row full_width=&#8221;stretch_row_content_no_spaces&#8221;][vc_column offset=&#8221;vc_hidden-lg vc_hidden-md vc_hidden-sm&#8221;][vc_single_image image=&#8221;971&#8243; img_size=&#8221;full&#8221; alignment=&#8221;center&#8221; el_class=&#8221;mb-0&#8243;][vc_single_image image=&#8221;970&#8243; img_size=&#8221;full&#8221; alignment=&#8221;center&#8221; onclick=&#8221;custom_link&#8221; el_class=&#8221;mb-0&#8243; link=&#8221;https:\/\/m.me\/thevillagechateaudistillery&#8221;][vc_single_image image=&#8221;972&#8243; img_size=&#8221;full&#8221; alignment=&#8221;center&#8221; onclick=&#8221;custom_link&#8221; el_class=&#8221;mb-0&#8243; link=&#8221;https:\/\/m.me\/thevillagechateaudistillery&#8221;][\/vc_column][\/vc_row][vc_row full_width=&#8221;stretch_row_content_no_spaces&#8221; el_class=&#8221;d-none d-lg-block&#8221;][vc_column][vc_single_image image=&#8221;950&#8243; img_size=&#8221;full&#8221; alignment=&#8221;center&#8221; el_class=&#8221;mb-0&#8243;][\/vc_column][\/vc_row][vc_row full_width=&#8221;stretch_row&#8221; full_height=&#8221;yes&#8221; css=&#8221;.vc_custom_1733979556013{background-image: url(https:\/\/thevillagechateau.com\/wp-content\/uploads\/2024\/11\/The-Village-Chateau-Distillery-Intro-2.jpg?id=1412) !important;background-position: center !important;background-repeat: no-repeat !important;background-size: cover !important;}&#8221; el_class=&#8221;d-none d-lg-block&#8221;][vc_column][vc_empty_space height=&#8221;3vh&#8221;][vc_custom_heading text=&#8221;The village ch\u00e2teau Red wines&#8221; font_container=&#8221;tag:h2|font_size:5.5vh|text_align:left|color:%23ffffff&#8221; use_theme_fonts=&#8221;yes&#8221; css=&#8221;&#8221; el_class=&#8221;title text-uppercase&#8221;][vc_empty_space height=&#8221;20px&#8221;][vc_row_inner][vc_column_inner width=&#8221;2\/3&#8243;][vc_column_text css=&#8221;&#8221; el_class=&#8221;text-justify text-white&#8221;]<\/p>\n<p class=\"cvGsUA direction-ltr align-justify para-style-body\"><span class=\"OYPEnA font-feature-liga-off font-feature-clig-off font-feature-calt-off text-decoration-none text-strikethrough-none\">Ch\u00fang t\u00f4i h\u1ee3p t\u00e1c v\u1edbi V\u01b0\u1eddn nho Domaine Morisseau \u0111\u1ec3 cho ra d\u00f2ng r\u01b0\u1ee3u vang \u0111\u1ecf nh\u00e3n hi\u1ec7u ri\u00eang \u201cThe Village Ch\u00e2teau\u201d.<\/span><\/p>\n<p class=\"cvGsUA direction-ltr align-justify para-style-body\"><span class=\"OYPEnA font-feature-liga-off font-feature-clig-off font-feature-calt-off text-decoration-none text-strikethrough-none\">Nh\u00e0 s\u1ea3n xu\u1ea5t r\u01b0\u1ee3u c\u1ee7a ch\u00fang t\u00f4i, Jean-Baptiste Bachevillier, n\u1ed5i ti\u1ebfng v\u1edbi k\u1ef9 thu\u1eadt \u0111i\u00eau luy\u1ec7n v\u00e0 s\u1ef1 c\u1ed1ng hi\u1ebfn kh\u00f4ng ng\u1eebng ngh\u1ec9 cho ch\u1ea5t l\u01b0\u1ee3ng. Anh n\u1ed5i b\u1eadt l\u00e0 m\u1ed9t ng\u01b0\u1eddi b\u1ea3o v\u1ec7 ki\u00ean \u0111\u1ecbnh cho c\u00e1c ph\u01b0\u01a1ng ph\u00e1p canh t\u00e1c v\u00e0 s\u1ea3n xu\u1ea5t r\u01b0\u1ee3u vang b\u1ec1n v\u1eefng.<\/span><\/p>\n<p class=\"cvGsUA direction-ltr align-justify para-style-body\"><span class=\"OYPEnA font-feature-liga-off font-feature-clig-off font-feature-calt-off text-decoration-none text-strikethrough-none\">\u0110\u01b0\u1ee3c xem l\u00e0 m\u1ed9t trong nh\u1eefng ng\u00f4i sao \u0111ang l\u00ean trong th\u1ebf h\u1ec7 c\u1ee7a m\u00ecnh, Jean nhanh ch\u00f3ng kh\u1eb3ng \u0111\u1ecbnh t\u00ean tu\u1ed5i nh\u1edd s\u1ef1 lao \u0111\u1ed9ng ch\u0103m ch\u1ec9 v\u00e0 cam k\u1ebft v\u01b0\u01a1n t\u1edbi s\u1ef1 xu\u1ea5t s\u1eafc.<\/span><\/p>\n<p class=\"cvGsUA direction-ltr align-justify para-style-body\"><span class=\"OYPEnA font-feature-liga-off font-feature-clig-off font-feature-calt-off text-decoration-none text-strikethrough-none\">\u0110\u01b0\u1ee3c James Suckling t\u00f4n vinh l\u00e0 &#8220;ng\u00f4i sao nh\u1ea1c rock c\u1ee7a Beaujolais,&#8221; Jean kh\u00f4ng ch\u1ec9 n\u1eafm v\u1eefng s\u1ef1 ph\u1ee9c t\u1ea1p c\u1ee7a ngh\u1ec7 thu\u1eadt l\u00e0m r\u01b0\u1ee3u m\u00e0 c\u00f2n l\u00e0 m\u1ed9t ng\u01b0\u1eddi \u1ee7ng h\u1ed9 h\u00e0ng \u0111\u1ea7u cho c\u00e1c ph\u01b0\u01a1ng ph\u00e1p ti\u1ebfp c\u1eadn b\u1ec1n v\u1eefng v\u00e0 th\u00e2n thi\u1ec7n v\u1edbi m\u00f4i tr\u01b0\u1eddng. Ni\u1ec1m \u0111am m\u00ea s\u00e2u s\u1eafc d\u00e0nh cho ngh\u1ec1 th\u1ee7 c\u00f4ng, k\u1ebft h\u1ee3p v\u1edbi cam k\u1ebft th\u1ef1c h\u00e0nh c\u00f3 tr\u00e1ch nhi\u1ec7m, \u0111\u00e3 gi\u00fap Jean t\u1ea1o ra v\u1ecb th\u1ebf kh\u00e1c bi\u1ec7t trong gi\u1edbi s\u1ea3n xu\u1ea5t r\u01b0\u1ee3u vang.<\/span><\/p>\n<p>[\/vc_column_text][\/vc_column_inner][vc_column_inner width=&#8221;1\/3&#8243;][\/vc_column_inner][\/vc_row_inner][\/vc_column][\/vc_row][vc_row full_width=&#8221;stretch_row&#8221; full_height=&#8221;yes&#8221; css=&#8221;.vc_custom_1733979563576{background-image: url(https:\/\/thevillagechateau.com\/wp-content\/uploads\/2024\/11\/The-Village-Chateau-Distillery-Intro-16.jpg?id=1416) !important;background-position: center !important;background-repeat: no-repeat !important;background-size: cover !important;}&#8221; el_class=&#8221;d-none d-lg-block&#8221;][vc_column width=&#8221;4\/12&#8243;][vc_single_image image=&#8221;1417&#8243; img_size=&#8221;full&#8221; alignment=&#8221;center&#8221; el_class=&#8221;mb-lg-0&#8243;][\/vc_column][vc_column width=&#8221;1\/12&#8243;][\/vc_column][vc_column width=&#8221;7\/12&#8243;][vc_empty_space height=&#8221;3vh&#8221;][vc_custom_heading text=&#8221;Vortillon \u2013 C\u00f4teau 2021&#8243; font_container=&#8221;tag:h2|font_size:2.8rem|text_align:left|color:%23ce8c27&#8243; use_theme_fonts=&#8221;yes&#8221; el_class=&#8221;title text-uppercase&#8221;][vc_raw_html el_class=&#8221;mb-3&#8243;]JTNDZGl2JTIwY2xhc3MlM0QlMjJwcmljZSUyMiUzRTY4MCUyQzAwMFZORCUzQyUyRmRpdiUzRQ==[\/vc_raw_html][vc_custom_heading text=&#8221;V\u00f9ng \u0110\u1ea5t Tr\u1ed3ng Nho&#8221; font_container=&#8221;tag:h3|text_align:left|color:%23ce8c27&#8243; use_theme_fonts=&#8221;yes&#8221; css=&#8221;&#8221;][vc_column_text css=&#8221;&#8221; el_class=&#8221;text-white&#8221;]<\/p>\n<ul>\n<li>T\u00ean g\u1ecdi: L\u00e0ng Beaujolais<\/li>\n<li>Gi\u1ed1ng nho: 100% Gamay Noir<\/li>\n<li>Th\u00e2m ni\u00ean c\u1ee7a v\u00f9ng \u0111\u1ea5t : 39 n\u0103m<\/li>\n<li>\u0110\u1ea5t: C\u00e1t, \u0111\u00e1 granit m\u00e0u h\u1ed3ng.<\/li>\n<li>M\u1eadt \u0111\u1ed9: 10.000 c\u00e2y\/ha<\/li>\n<\/ul>\n<p>[\/vc_column_text][vc_custom_heading text=&#8221;Tr\u1ed3ng Nho&#8221; font_container=&#8221;tag:h3|text_align:left|color:%23ce8c27&#8243; use_theme_fonts=&#8221;yes&#8221; css=&#8221;&#8221;][vc_column_text css=&#8221;&#8221; el_class=&#8221;text-white&#8221;]<\/p>\n<ul>\n<li>C\u00e1ch qu\u1ea3n l\u00fd v\u01b0\u1eddn nho: C\u1eaft t\u1ec9a Gobelet<\/li>\n<li>Th\u1ef1c h\u00e0nh canh t\u00e1c: Che ph\u1ee7 m\u1eb7t \u0111\u1ea5t, ti\u1ebfp c\u1eadn sinh th\u00e1i, duy tr\u00ec c\u00e2n b\u1eb1ng t\u1ef1 nhi\u00ean<\/li>\n<li>Bi\u1ec7n ph\u00e1p x\u1eed l\u00fd: H\u1ea1n ch\u1ebf &amp; tr\u00e1nh s\u1eed d\u1ee5ng thu\u1ed1c tr\u1eeb s\u00e2u, thu\u1ed1c di\u1ec7t c\u00f4n tr\u00f9ng ho\u1eb7c ch\u1ea5t ch\u1ed1ng th\u1ed1i<\/li>\n<li>N\u0103ng su\u1ea5t: 42 hl\/ha<\/li>\n<li>Thu ho\u1ea1ch: 100% \u0111\u01b0\u1ee3c thu ho\u1ea1ch b\u1eb1ng tay v\u00e0o 20\/09\/2021<\/li>\n<\/ul>\n<p>[\/vc_column_text][vc_custom_heading text=&#8221;L\u00e0m R\u01b0\u1ee3u Vang&#8221; font_container=&#8221;tag:h3|text_align:left|color:%23ce8c27&#8243; use_theme_fonts=&#8221;yes&#8221; css=&#8221;&#8221;][vc_column_text css=&#8221;&#8221; el_class=&#8221;text-white&#8221;]<\/p>\n<ul>\n<li>Qu\u00e1 tr\u00ecnh ng\u00e2m: B\u00e1n cacbonic, k\u00e9o d\u00e0i 14 ng\u00e0y<\/li>\n<li>Ph\u1ee5 gia: Kh\u00f4ng th\u00eam men, tannin, axit ho\u1eb7c sucrose<\/li>\n<li>SO2 (Sulfur Dioxide): T\u1ed1i thi\u1ec3u, ch\u1ec9 \u0111\u01b0\u1ee3c \u0111\u01b0a v\u00e0o sau qu\u00e1 tr\u00ecnh l\u00ean men malolactic<\/li>\n<li>L\u00e3o h\u00f3a: 18 th\u00e1ng trong b\u1ec3 b\u00ea t\u00f4ng<\/li>\n<li>L\u1ecdc: L\u1ecdc nh\u1eb9 nh\u00e0ng \u1edf 5\u03bcm<\/li>\n<li>S\u1ea3n l\u01b0\u1ee3ng h\u00e0ng n\u0103m: 3,051 chai<\/li>\n<\/ul>\n<p>[\/vc_column_text][\/vc_column][\/vc_row][vc_row full_width=&#8221;stretch_row&#8221; full_height=&#8221;yes&#8221; css=&#8221;.vc_custom_1733979571141{background-image: url(https:\/\/thevillagechateau.com\/wp-content\/uploads\/2024\/11\/The-Village-Chateau-Distillery-Intro-1-1.jpg?id=1445) !important;background-position: center !important;background-repeat: no-repeat !important;background-size: cover !important;}&#8221; el_class=&#8221;d-none d-lg-block&#8221;][vc_column width=&#8221;4\/12&#8243;][vc_single_image image=&#8221;1447&#8243; img_size=&#8221;full&#8221; alignment=&#8221;center&#8221; el_class=&#8221;mb-lg-0&#8243;][\/vc_column][vc_column width=&#8221;1\/12&#8243;][\/vc_column][vc_column width=&#8221;7\/12&#8243;][vc_empty_space height=&#8221;3vh&#8221;][vc_custom_heading text=&#8221;Vortillon \u2013 Le Cr\u00eat 2021&#8243; font_container=&#8221;tag:h2|font_size:2.8rem|text_align:left|color:%23b52f3b&#8221; use_theme_fonts=&#8221;yes&#8221; el_class=&#8221;title text-uppercase&#8221;][vc_raw_html css=&#8221;&#8221; el_class=&#8221;mb-3&#8243;]JTNDZGl2JTIwY2xhc3MlM0QlMjJwcmljZSUyMiUyMHN0eWxlJTNEJTIyY29sb3IlM0ElMjAlMjNiNTJmM2IlM0IlMjIlM0U5ODAlMkMwMDBWTkQlM0MlMkZkaXYlM0U=[\/vc_raw_html][vc_custom_heading text=&#8221;V\u00f9ng \u0110\u1ea5t Tr\u1ed3ng Nho&#8221; font_container=&#8221;tag:h3|text_align:left|color:%23b52f3b&#8221; use_theme_fonts=&#8221;yes&#8221; css=&#8221;&#8221;][vc_column_text css=&#8221;&#8221; el_class=&#8221;text-white&#8221;]<\/p>\n<ul>\n<li>T\u00ean g\u1ecdi: L\u00e0ng Beaujolais<\/li>\n<li>Gi\u1ed1ng nho: 100% Gamay Noir<\/li>\n<li>Tu\u1ed5i c\u00e2y nho: 90 \u0111\u1ebfn 110 n\u0103m<\/li>\n<li>\u0110\u1ea5t: \u0110\u00e1 cu\u1ed9i tr\u00ean \u0111\u00e1 granit h\u1ed3ng<\/li>\n<li>M\u1eadt \u0111\u1ed9 tr\u1ed3ng: 10.000 c\u00e2y\/ha<\/li>\n<\/ul>\n<p>[\/vc_column_text][vc_custom_heading text=&#8221;Tr\u1ed3ng Nho&#8221; font_container=&#8221;tag:h3|text_align:left|color:%23b52f3b&#8221; use_theme_fonts=&#8221;yes&#8221; css=&#8221;&#8221;][vc_column_text css=&#8221;&#8221; el_class=&#8221;text-white&#8221;]<\/p>\n<ul>\n<li>K\u1ef9 thu\u1eadt c\u1eaft t\u1ec9a: C\u1eaft t\u1ec9a Gobelet<\/li>\n<li>K\u1ef9 thu\u1eadt tr\u1ed3ng: L\u1edbp ph\u1ee7 m\u1eb7t \u0111\u1ea5t, ph\u01b0\u01a1ng ph\u00e1p sinh th\u00e1i, duy tr\u00ec s\u1ef1 c\u00e2n b\u1eb1ng t\u1ef1 nhi\u00ean<\/li>\n<li>X\u1eed l\u00fd: T\u1ed1i thi\u1ec3u, tr\u00e1nh s\u1eed d\u1ee5ng thu\u1ed1c tr\u1eeb s\u00e2u, thu\u1ed1c di\u1ec7t nh\u1ec7n ho\u1eb7c thu\u1ed1c ch\u1ed1ng th\u1ed1i<\/li>\n<li>N\u0103ng su\u1ea5t: 36 hl\/ha<\/li>\n<li>Thu ho\u1ea1ch: 100% \u0111\u01b0\u1ee3c thu ho\u1ea1ch b\u1eb1ng tay v\u00e0o 20\/09\/2021<\/li>\n<\/ul>\n<p>[\/vc_column_text][vc_custom_heading text=&#8221;L\u00e0m R\u01b0\u1ee3u Vang&#8221; font_container=&#8221;tag:h3|text_align:left|color:%23b52f3b&#8221; use_theme_fonts=&#8221;yes&#8221; css=&#8221;&#8221;][vc_column_text css=&#8221;&#8221; el_class=&#8221;text-white&#8221;]<\/p>\n<ul>\n<li>Qu\u00e1 tr\u00ecnh ng\u00e2m: \u0110\u00e3 lo\u1ea1i b\u1ecf ho\u00e0n to\u00e0n cu\u1ed1ng, k\u00e9o d\u00e0i 19 ng\u00e0y, v\u1edbi ba l\u1ea7n quy tr\u00ecnh b\u01a1m \u0111\u1ea3o r\u01b0\u1ee3u<\/li>\n<li>Ph\u1ee5 gia: Kh\u00f4ng th\u00eam men, tannin, axit ho\u1eb7c sucrose<\/li>\n<li>SO2 (Sulfur Dioxide): T\u1ed1i thi\u1ec3u, ch\u1ec9 \u0111\u01b0\u1ee3c s\u1eed d\u1ee5ng sau khi l\u00ean men malolactic<\/li>\n<li>L\u00e3o h\u00f3a: \u1ee6 19 th\u00e1ng trong th\u00f9ng g\u1ed7 s\u1ed3i<\/li>\n<li>L\u1ecdc: Ch\u01b0a l\u1ecdc<\/li>\n<li>S\u1ea3n l\u01b0\u1ee3ng h\u00e0ng n\u0103m: 2,081 chai<\/li>\n<\/ul>\n<p>[\/vc_column_text][\/vc_column][\/vc_row][vc_row full_width=&#8221;stretch_row&#8221; gap=&#8221;30&#8243; full_height=&#8221;yes&#8221; css=&#8221;.vc_custom_1733979577519{background-image: url(https:\/\/thevillagechateau.com\/wp-content\/uploads\/2024\/11\/The-Village-Chateau-Distillery-Intro-1.png?id=1455) !important;background-position: center !important;background-repeat: no-repeat !important;background-size: cover !important;}&#8221; el_class=&#8221;justify-content-lg-between d-none d-lg-block&#8221;][vc_column width=&#8221;1\/2&#8243; css=&#8221;.vc_custom_1732765515814{background-color: #002f09 !important;border-radius: 25px !important;}&#8221;][vc_single_image image=&#8221;1452&#8243; img_size=&#8221;full&#8221; alignment=&#8221;center&#8221; el_class=&#8221;mb-lg-0&#8243;][vc_custom_heading text=&#8221;THE VILLAGE CHATEAU BY DOMAINE MORISSEAU BEAUJOLAIS- VILLAGES VORTILLON-C\u00d4TEAU 2021&#8243; font_container=&#8221;tag:h2|font_size:1.2rem|text_align:center|color:%23ffffff&#8221; use_theme_fonts=&#8221;yes&#8221; css=&#8221;&#8221; el_class=&#8221;title&#8221;][vc_empty_space][vc_column_text css=&#8221;&#8221; el_class=&#8221;text-white&#8221;]<\/p>\n<p style=\"text-align: justify;\">H\u01b0\u01a1ng kh\u00f3i \u0111\u1eadm \u0111\u00e0, th\u1eadm ch\u00ed tho\u00e1ng ch\u00fat v\u1ecb th\u1ecbt x\u00f4ng kh\u00f3i, t\u1ea1o n\u00ean m\u1ed9t \u1ea5n t\u01b0\u1ee3ng \u0111\u1ed9c \u0111\u00e1o. N\u1ed3ng \u0111\u1ed9 s\u00e2u c\u00f9ng v\u1edbi l\u01b0\u1ee3ng tannin d\u1ed3i d\u00e0o mang \u0111\u1ebfn s\u1ef1 th\u0103ng hoa trong h\u1eadu v\u1ecb, v\u1edbi k\u1ebft c\u1ea5u m\u1ecbn m\u00e0ng v\u00e0 s\u1eafc kho\u00e1ng r\u00f5 n\u00e9t. R\u01b0\u1ee3u \u0111\u01b0\u1ee3c l\u00ean men 100% t\u1eeb to\u00e0n b\u1ed9 ch\u00f9m nho, sau \u0111\u00f3 \u1ee7 trong th\u00f9ng su\u1ed1t 20 th\u00e1ng kh\u00f4ng qua l\u1ecdc. Th\u01b0\u1edfng th\u1ee9c ngay ho\u1eb7c l\u01b0u gi\u1eef \u0111\u1ec3 tr\u1ea3i nghi\u1ec7m th\u00eam s\u1ef1 ph\u00e1t tri\u1ec3n tuy\u1ec7t v\u1eddi c\u1ee7a r\u01b0\u1ee3u theo th\u1eddi gian.<\/p>\n<p>[\/vc_column_text][\/vc_column][vc_column width=&#8221;1\/2&#8243; css=&#8221;.vc_custom_1732765525498{background-color: #4f080e !important;border-radius: 25px !important;}&#8221;][vc_single_image image=&#8221;1453&#8243; img_size=&#8221;full&#8221; alignment=&#8221;center&#8221; el_class=&#8221;mb-lg-0&#8243;][vc_custom_heading text=&#8221;THE VILLAGE CHATEAU BY DOMAINE MORISSEAU BEAUJOLAIS- VILLAGES VORTILLON- LE CR\u00caT 2021&#8243; font_container=&#8221;tag:h2|font_size:1.2rem|text_align:center|color:%23ffffff&#8221; use_theme_fonts=&#8221;yes&#8221; css=&#8221;&#8221; el_class=&#8221;title&#8221;][vc_empty_space][vc_column_text css=&#8221;&#8221; el_class=&#8221;text-white&#8221;]<\/p>\n<p style=\"text-align: justify;\">\u0110\u1ed1i v\u1edbi v\u00f9ng Beaujolais, \u0111\u00e2y l\u00e0 m\u1ed9t lo\u1ea1i r\u01b0\u1ee3u th\u1ef1c s\u1ef1 \u0111\u1eb7c bi\u1ec7t. H\u01b0\u01a1ng th\u01a1m tuy\u1ec7t v\u1eddi c\u1ee7a nho \u0111\u1ecf, v\u1ecb \u0111\u1eadm \u0111\u1eb7c \u1ea5n t\u01b0\u1ee3ng n\u1ed5i b\u1eadt tr\u00ean v\u00f2m mi\u1ec7ng. T\u1ea5t c\u1ea3 \u0111\u01b0\u1ee3c h\u1ed7 tr\u1ee3 b\u1edfi l\u01b0\u1ee3ng tannin tinh t\u1ebf d\u1ed3i d\u00e0o, mang \u0111\u1ebfn h\u1eadu v\u1ecb d\u00e0i l\u00e2u v\u1edbi c\u1ea3m gi\u00e1c \u0111\u1eadm \u0111\u1eb7c v\u00e0 m\u01b0\u1ee3t m\u00e0. C\u00e2n b\u1eb1ng ho\u00e0n h\u1ea3o n\u00e0y h\u1ee9a h\u1eb9n ti\u1ec1m n\u0103ng r\u01b0\u1ee3u s\u1ebd ngon h\u01a1n theo th\u1eddi gian! L\u00ean men 100% t\u1eeb to\u00e0n b\u1ed9 ch\u00f9m nho, sau \u0111\u00f3 \u1ee7 trong th\u00f9ng su\u1ed1t 21 th\u00e1ng m\u00e0 kh\u00f4ng qua l\u1ecdc. C\u00f3 th\u1ec3 u\u1ed1ng ngay ho\u1eb7c \u0111\u1ec3 l\u00e2u.<\/p>\n<p>[\/vc_column_text][\/vc_column][\/vc_row]<\/p>\n<\/div>","protected":false},"excerpt":{"rendered":"<p>[vc_row full_width=&#8221;stretch_row_content_no_spaces&#8221;][vc_column offset=&#8221;vc_hidden-lg vc_hidden-md vc_hidden-sm&#8221;][vc_single_image image=&#8221;971&#8243; img_size=&#8221;full&#8221; alignment=&#8221;center&#8221; el_class=&#8221;mb-0&#8243;][vc_single_image image=&#8221;970&#8243; img_size=&#8221;full&#8221; alignment=&#8221;center&#8221; onclick=&#8221;custom_link&#8221; el_class=&#8221;mb-0&#8243; link=&#8221;https:\/\/m.me\/thevillagechateaudistillery&#8221;][vc_single_image image=&#8221;972&#8243; img_size=&#8221;full&#8221; alignment=&#8221;center&#8221; onclick=&#8221;custom_link&#8221; el_class=&#8221;mb-0&#8243; link=&#8221;https:\/\/m.me\/thevillagechateaudistillery&#8221;][\/vc_column][\/vc_row][vc_row full_width=&#8221;stretch_row_content_no_spaces&#8221; el_class=&#8221;d-none d-lg-block&#8221;][vc_column][vc_single_image image=&#8221;950&#8243; img_size=&#8221;full&#8221; alignment=&#8221;center&#8221; el_class=&#8221;mb-0&#8243;][\/vc_column][\/vc_row][vc_row full_width=&#8221;stretch_row&#8221; full_height=&#8221;yes&#8221; css=&#8221;.vc_custom_1733979556013{background-image: url(https:\/\/thevillagechateau.com\/wp-content\/uploads\/2024\/11\/The-Village-Chateau-Distillery-Intro-2.jpg?id=1412) !important;background-position: center !important;background-repeat: no-repeat !important;background-size: cover !important;}&#8221; el_class=&#8221;d-none d-lg-block&#8221;][vc_column][vc_empty_space height=&#8221;3vh&#8221;][vc_custom_heading text=&#8221;The village ch\u00e2teau Red wines&#8221; font_container=&#8221;tag:h2|font_size:5.5vh|text_align:left|color:%23ffffff&#8221; use_theme_fonts=&#8221;yes&#8221; css=&#8221;&#8221; el_class=&#8221;title text-uppercase&#8221;][vc_empty_space height=&#8221;20px&#8221;][vc_row_inner][vc_column_inner width=&#8221;2\/3&#8243;][vc_column_text css=&#8221;&#8221;<\/p>\n","protected":false},"author":1,"featured_media":0,"parent":0,"menu_order":0,"comment_status":"closed","ping_status":"closed","template":"","meta":{"footnotes":""},"class_list":["post-1468","page","type-page","status-publish","hentry"],"acf":[],"yoast_head":"<!-- This site is optimized with the Yoast SEO plugin v24.0 - https:\/\/yoast.com\/wordpress\/plugins\/seo\/ -->\n<title>B\u1ed9 s\u01b0u t\u1eadp - The Village Ch\u00e2teau<\/title>\n<meta name=\"robots\" content=\"index, follow, max-snippet:-1, max-image-preview:large, max-video-preview:-1\" \/>\n<link rel=\"canonical\" href=\"https:\/\/thevillagechateau.com\/vi\/bo-suu-tap-2\/\" \/>\n<meta property=\"og:locale\" content=\"vi_VN\" \/>\n<meta property=\"og:type\" content=\"article\" \/>\n<meta property=\"og:title\" content=\"B\u1ed9 s\u01b0u t\u1eadp - The Village Ch\u00e2teau\" \/>\n<meta property=\"og:description\" content=\"[vc_row full_width=&#8221;stretch_row_content_no_spaces&#8221;][vc_column offset=&#8221;vc_hidden-lg vc_hidden-md vc_hidden-sm&#8221;][vc_single_image image=&#8221;971&#8243; img_size=&#8221;full&#8221; alignment=&#8221;center&#8221; el_class=&#8221;mb-0&#8243;][vc_single_image image=&#8221;970&#8243; img_size=&#8221;full&#8221; alignment=&#8221;center&#8221; onclick=&#8221;custom_link&#8221; el_class=&#8221;mb-0&#8243; link=&#8221;https:\/\/m.me\/thevillagechateaudistillery&#8221;][vc_single_image image=&#8221;972&#8243; img_size=&#8221;full&#8221; alignment=&#8221;center&#8221; onclick=&#8221;custom_link&#8221; el_class=&#8221;mb-0&#8243; link=&#8221;https:\/\/m.me\/thevillagechateaudistillery&#8221;][\/vc_column][\/vc_row][vc_row full_width=&#8221;stretch_row_content_no_spaces&#8221; el_class=&#8221;d-none d-lg-block&#8221;][vc_column][vc_single_image image=&#8221;950&#8243; img_size=&#8221;full&#8221; alignment=&#8221;center&#8221; el_class=&#8221;mb-0&#8243;][\/vc_column][\/vc_row][vc_row full_width=&#8221;stretch_row&#8221; full_height=&#8221;yes&#8221; css=&#8221;.vc_custom_1733979556013{background-image: url(https:\/\/thevillagechateau.com\/wp-content\/uploads\/2024\/11\/The-Village-Chateau-Distillery-Intro-2.jpg?id=1412) !important;background-position: center !important;background-repeat: no-repeat !important;background-size: cover !important;}&#8221; el_class=&#8221;d-none d-lg-block&#8221;][vc_column][vc_empty_space height=&#8221;3vh&#8221;][vc_custom_heading text=&#8221;The village ch\u00e2teau Red wines&#8221; font_container=&#8221;tag:h2|font_size:5.5vh|text_align:left|color:%23ffffff&#8221; use_theme_fonts=&#8221;yes&#8221; css=&#8221;&#8221; el_class=&#8221;title text-uppercase&#8221;][vc_empty_space height=&#8221;20px&#8221;][vc_row_inner][vc_column_inner width=&#8221;2\/3&#8243;][vc_column_text css=&#8221;&#8221;\" \/>\n<meta property=\"og:url\" content=\"https:\/\/thevillagechateau.com\/vi\/bo-suu-tap-2\/\" \/>\n<meta property=\"og:site_name\" content=\"The Village Ch\u00e2teau\" \/>\n<meta property=\"article:modified_time\" content=\"2024-12-12T07:10:51+00:00\" \/>\n<meta name=\"twitter:card\" content=\"summary_large_image\" \/>\n<meta name=\"twitter:label1\" content=\"Est. reading time\" \/>\n\t<meta name=\"twitter:data1\" content=\"5 minutes\" \/>\n<script type=\"application\/ld+json\" class=\"yoast-schema-graph\">{\"@context\":\"https:\/\/schema.org\",\"@graph\":[{\"@type\":\"WebPage\",\"@id\":\"https:\/\/thevillagechateau.com\/vi\/bo-suu-tap-2\/\",\"url\":\"https:\/\/thevillagechateau.com\/vi\/bo-suu-tap-2\/\",\"name\":\"B\u1ed9 s\u01b0u t\u1eadp - The Village Ch\u00e2teau\",\"isPartOf\":{\"@id\":\"https:\/\/thevillagechateau.com\/#website\"},\"datePublished\":\"2024-11-28T04:20:04+00:00\",\"dateModified\":\"2024-12-12T07:10:51+00:00\",\"breadcrumb\":{\"@id\":\"https:\/\/thevillagechateau.com\/vi\/bo-suu-tap-2\/#breadcrumb\"},\"inLanguage\":\"vi-VN\",\"potentialAction\":[{\"@type\":\"ReadAction\",\"target\":[\"https:\/\/thevillagechateau.com\/vi\/bo-suu-tap-2\/\"]}]},{\"@type\":\"BreadcrumbList\",\"@id\":\"https:\/\/thevillagechateau.com\/vi\/bo-suu-tap-2\/#breadcrumb\",\"itemListElement\":[{\"@type\":\"ListItem\",\"position\":1,\"name\":\"Trang ch\u1ee7\",\"item\":\"https:\/\/thevillagechateau.com\/vi\/\"},{\"@type\":\"ListItem\",\"position\":2,\"name\":\"B\u1ed9 s\u01b0u t\u1eadp\"}]},{\"@type\":\"WebSite\",\"@id\":\"https:\/\/thevillagechateau.com\/#website\",\"url\":\"https:\/\/thevillagechateau.com\/\",\"name\":\"The Village Ch\u00e2teau\",\"description\":\"Timeless French Village\",\"potentialAction\":[{\"@type\":\"SearchAction\",\"target\":{\"@type\":\"EntryPoint\",\"urlTemplate\":\"https:\/\/thevillagechateau.com\/?s={search_term_string}\"},\"query-input\":{\"@type\":\"PropertyValueSpecification\",\"valueRequired\":true,\"valueName\":\"search_term_string\"}}],\"inLanguage\":\"vi-VN\"}]}<\/script>\n<!-- \/ Yoast SEO plugin. -->","yoast_head_json":{"title":"B\u1ed9 s\u01b0u t\u1eadp - The Village Ch\u00e2teau","robots":{"index":"index","follow":"follow","max-snippet":"max-snippet:-1","max-image-preview":"max-image-preview:large","max-video-preview":"max-video-preview:-1"},"canonical":"https:\/\/thevillagechateau.com\/vi\/bo-suu-tap-2\/","og_locale":"vi_VN","og_type":"article","og_title":"B\u1ed9 s\u01b0u t\u1eadp - The Village Ch\u00e2teau","og_description":"[vc_row full_width=&#8221;stretch_row_content_no_spaces&#8221;][vc_column offset=&#8221;vc_hidden-lg vc_hidden-md vc_hidden-sm&#8221;][vc_single_image image=&#8221;971&#8243; img_size=&#8221;full&#8221; alignment=&#8221;center&#8221; el_class=&#8221;mb-0&#8243;][vc_single_image image=&#8221;970&#8243; img_size=&#8221;full&#8221; alignment=&#8221;center&#8221; onclick=&#8221;custom_link&#8221; el_class=&#8221;mb-0&#8243; link=&#8221;https:\/\/m.me\/thevillagechateaudistillery&#8221;][vc_single_image image=&#8221;972&#8243; img_size=&#8221;full&#8221; alignment=&#8221;center&#8221; onclick=&#8221;custom_link&#8221; el_class=&#8221;mb-0&#8243; link=&#8221;https:\/\/m.me\/thevillagechateaudistillery&#8221;][\/vc_column][\/vc_row][vc_row full_width=&#8221;stretch_row_content_no_spaces&#8221; el_class=&#8221;d-none d-lg-block&#8221;][vc_column][vc_single_image image=&#8221;950&#8243; img_size=&#8221;full&#8221; alignment=&#8221;center&#8221; el_class=&#8221;mb-0&#8243;][\/vc_column][\/vc_row][vc_row full_width=&#8221;stretch_row&#8221; full_height=&#8221;yes&#8221; css=&#8221;.vc_custom_1733979556013{background-image: url(https:\/\/thevillagechateau.com\/wp-content\/uploads\/2024\/11\/The-Village-Chateau-Distillery-Intro-2.jpg?id=1412) !important;background-position: center !important;background-repeat: no-repeat !important;background-size: cover !important;}&#8221; el_class=&#8221;d-none d-lg-block&#8221;][vc_column][vc_empty_space height=&#8221;3vh&#8221;][vc_custom_heading text=&#8221;The village ch\u00e2teau Red wines&#8221; font_container=&#8221;tag:h2|font_size:5.5vh|text_align:left|color:%23ffffff&#8221; use_theme_fonts=&#8221;yes&#8221; css=&#8221;&#8221; el_class=&#8221;title text-uppercase&#8221;][vc_empty_space height=&#8221;20px&#8221;][vc_row_inner][vc_column_inner width=&#8221;2\/3&#8243;][vc_column_text css=&#8221;&#8221;","og_url":"https:\/\/thevillagechateau.com\/vi\/bo-suu-tap-2\/","og_site_name":"The Village Ch\u00e2teau","article_modified_time":"2024-12-12T07:10:51+00:00","twitter_card":"summary_large_image","twitter_misc":{"Est. reading time":"5 minutes"},"schema":{"@context":"https:\/\/schema.org","@graph":[{"@type":"WebPage","@id":"https:\/\/thevillagechateau.com\/vi\/bo-suu-tap-2\/","url":"https:\/\/thevillagechateau.com\/vi\/bo-suu-tap-2\/","name":"B\u1ed9 s\u01b0u t\u1eadp - The Village Ch\u00e2teau","isPartOf":{"@id":"https:\/\/thevillagechateau.com\/#website"},"datePublished":"2024-11-28T04:20:04+00:00","dateModified":"2024-12-12T07:10:51+00:00","breadcrumb":{"@id":"https:\/\/thevillagechateau.com\/vi\/bo-suu-tap-2\/#breadcrumb"},"inLanguage":"vi-VN","potentialAction":[{"@type":"ReadAction","target":["https:\/\/thevillagechateau.com\/vi\/bo-suu-tap-2\/"]}]},{"@type":"BreadcrumbList","@id":"https:\/\/thevillagechateau.com\/vi\/bo-suu-tap-2\/#breadcrumb","itemListElement":[{"@type":"ListItem","position":1,"name":"Trang ch\u1ee7","item":"https:\/\/thevillagechateau.com\/vi\/"},{"@type":"ListItem","position":2,"name":"B\u1ed9 s\u01b0u t\u1eadp"}]},{"@type":"WebSite","@id":"https:\/\/thevillagechateau.com\/#website","url":"https:\/\/thevillagechateau.com\/","name":"The Village Ch\u00e2teau","description":"Timeless French Village","potentialAction":[{"@type":"SearchAction","target":{"@type":"EntryPoint","urlTemplate":"https:\/\/thevillagechateau.com\/?s={search_term_string}"},"query-input":{"@type":"PropertyValueSpecification","valueRequired":true,"valueName":"search_term_string"}}],"inLanguage":"vi-VN"}]}},"_links":{"self":[{"href":"https:\/\/thevillagechateau.com\/vi\/wp-json\/wp\/v2\/pages\/1468","targetHints":{"allow":["GET"]}}],"collection":[{"href":"https:\/\/thevillagechateau.com\/vi\/wp-json\/wp\/v2\/pages"}],"about":[{"href":"https:\/\/thevillagechateau.com\/vi\/wp-json\/wp\/v2\/types\/page"}],"author":[{"embeddable":true,"href":"https:\/\/thevillagechateau.com\/vi\/wp-json\/wp\/v2\/users\/1"}],"replies":[{"embeddable":true,"href":"https:\/\/thevillagechateau.com\/vi\/wp-json\/wp\/v2\/comments?post=1468"}],"version-history":[{"count":6,"href":"https:\/\/thevillagechateau.com\/vi\/wp-json\/wp\/v2\/pages\/1468\/revisions"}],"predecessor-version":[{"id":1649,"href":"https:\/\/thevillagechateau.com\/vi\/wp-json\/wp\/v2\/pages\/1468\/revisions\/1649"}],"wp:attachment":[{"href":"https:\/\/thevillagechateau.com\/vi\/wp-json\/wp\/v2\/media?parent=1468"}],"curies":[{"name":"wp","href":"https:\/\/api.w.org\/{rel}","templated":true}]}}