{"id":488,"date":"2024-02-21T16:05:24","date_gmt":"2024-02-21T09:05:24","guid":{"rendered":"https:\/\/thevillagechateau.com\/?page_id=488"},"modified":"2025-05-24T22:26:26","modified_gmt":"2025-05-24T15:26:26","slug":"lien-he","status":"publish","type":"page","link":"https:\/\/thevillagechateau.com\/vi\/lien-he\/","title":{"rendered":"Li\u00ean h\u1ec7"},"content":{"rendered":"<div class=\"wpb-content-wrapper\"><p>[vc_row css=&#8221;.vc_custom_1559548963532{padding-bottom: 35px !important;}&#8221;][vc_column width=&#8221;7\/12&#8243; css=&#8221;.vc_custom_1530458307049{padding-top: 35px !important;padding-right: 15px !important;padding-bottom: 35px !important;padding-left: 15px !important;background-color: #f5f6f6 !important;}&#8221;][vc_custom_heading text=&#8221;Form li\u00ean h\u1ec7&#8221; use_theme_fonts=&#8221;yes&#8221; el_class=&#8221;title medium-size&#8221;][vc_empty_space height=&#8221;10px&#8221;]\n<div class=\"wpcf7 no-js\" id=\"wpcf7-f485-o1\" lang=\"vi\" dir=\"ltr\" data-wpcf7-id=\"485\">\n<div class=\"screen-reader-response\"><p role=\"status\" aria-live=\"polite\" aria-atomic=\"true\"><\/p> <ul><\/ul><\/div>\n<form action=\"\/vi\/wp-json\/wp\/v2\/pages\/488#wpcf7-f485-o1\" method=\"post\" class=\"wpcf7-form init\" aria-label=\"Contact form\" novalidate=\"novalidate\" data-status=\"init\">\n<fieldset class=\"hidden-fields-container\"><input type=\"hidden\" name=\"_wpcf7\" value=\"485\" \/><input type=\"hidden\" name=\"_wpcf7_version\" value=\"6.1\" \/><input type=\"hidden\" name=\"_wpcf7_locale\" value=\"vi\" \/><input type=\"hidden\" name=\"_wpcf7_unit_tag\" value=\"wpcf7-f485-o1\" \/><input type=\"hidden\" name=\"_wpcf7_container_post\" value=\"0\" \/><input type=\"hidden\" name=\"_wpcf7_posted_data_hash\" value=\"\" \/>\n<\/fieldset>\n<div class=\"row\">\n\t<div class=\"col-md-6\">\n\t\t<p><span class=\"wpcf7-form-control-wrap\" data-name=\"your-name\"><input size=\"40\" maxlength=\"400\" class=\"wpcf7-form-control wpcf7-text wpcf7-validates-as-required rounded-0 mb-3 p-2\" aria-required=\"true\" aria-invalid=\"false\" placeholder=\"H\u1ecd v\u00e0 t\u00ean\" value=\"\" type=\"text\" name=\"your-name\" \/><\/span>\n\t\t<\/p>\n\t<\/div>\n\t<div class=\"col-md-6\">\n\t\t<p><span class=\"wpcf7-form-control-wrap\" data-name=\"your-email\"><input size=\"40\" maxlength=\"400\" class=\"wpcf7-form-control wpcf7-email wpcf7-validates-as-required wpcf7-text wpcf7-validates-as-email rounded-0 mb-3 p-2\" aria-required=\"true\" aria-invalid=\"false\" placeholder=\"Email\" value=\"\" type=\"email\" name=\"your-email\" \/><\/span>\n\t\t<\/p>\n\t<\/div>\n\t<div class=\"col-md-6\">\n\t\t<p><span class=\"wpcf7-form-control-wrap\" data-name=\"tel-822\"><input size=\"40\" maxlength=\"400\" class=\"wpcf7-form-control wpcf7-tel wpcf7-text wpcf7-validates-as-tel rounded-0 mb-3 p-2\" aria-invalid=\"false\" placeholder=\"S\u1ed1 \u0111i\u1ec7n tho\u1ea1i\" value=\"\" type=\"tel\" name=\"tel-822\" \/><\/span>\n\t\t<\/p>\n\t<\/div>\n\t<div class=\"col-md-6\">\n\t\t<p><span class=\"wpcf7-form-control-wrap\" data-name=\"your-subject\"><input size=\"40\" maxlength=\"400\" class=\"wpcf7-form-control wpcf7-text rounded-0 mb-3 p-2\" aria-invalid=\"false\" placeholder=\"Ch\u1ee7 \u0111\u1ec1\" value=\"\" type=\"text\" name=\"your-subject\" \/><\/span>\n\t\t<\/p>\n\t<\/div>\n\t<div class=\"col-12\">\n\t\t<p><span class=\"wpcf7-form-control-wrap\" data-name=\"your-message\"><textarea cols=\"10\" rows=\"4\" maxlength=\"2000\" class=\"wpcf7-form-control wpcf7-textarea rounded-0 mb-3 p-2\" aria-invalid=\"false\" placeholder=\"L\u1eddi nh\u1eafn th\u00eam\" name=\"your-message\"><\/textarea><\/span>\n\t\t<\/p>\n\t<\/div>\n\t<div class=\"col-lg-6\">\n\t\t<p><label>Nh\u1eadp m\u00e3 captcha n\u00e0y<input type=\"hidden\" name=\"_wpcf7_captcha_challenge_captcha-1\" value=\"4153834186\" \/><img loading=\"lazy\" decoding=\"async\" class=\"wpcf7-form-control wpcf7-captchac wpcf7-captcha-captcha-1\" width=\"72\" height=\"24\" alt=\"captcha\" src=\"https:\/\/thevillagechateau.com\/wp-content\/uploads\/wpcf7_captcha\/4153834186.png\" \/><\/label>\n\t\t<\/p>\n\t<\/div>\n\t<div class=\"col-lg-6\">\n\t\t<p><span class=\"wpcf7-form-control-wrap\" data-name=\"captcha-1\"><input size=\"40\" class=\"wpcf7-form-control wpcf7-captchar\" autocomplete=\"off\" aria-invalid=\"false\" placeholder=\"Nh\u1eadp v\u00e0o \u0111\u00e2y\" value=\"\" type=\"text\" name=\"captcha-1\" \/><\/span>\n\t\t<\/p>\n\t<\/div>\n\t<div class=\"col-lg-4\">\n\t\t<p><input class=\"wpcf7-form-control wpcf7-submit has-spinner btn btn-primary btn-block rounded-0\" type=\"submit\" value=\"G\u1eedi \u0111i\" \/>\n\t\t<\/p>\n\t<\/div>\n<\/div><input type='hidden' class='wpcf7-pum' value='{\"closepopup\":false,\"closedelay\":0,\"openpopup\":false,\"openpopup_id\":0}' \/><div class=\"wpcf7-response-output\" aria-hidden=\"true\"><\/div>\n<\/form>\n<\/div>\n[\/vc_column][vc_column width=&#8221;5\/12&#8243; el_class=&#8221;contact-info&#8221;][vc_custom_heading text=&#8221;Th\u00f4ng tin li\u00ean h\u1ec7&#8221; use_theme_fonts=&#8221;yes&#8221; el_class=&#8221;title medium-size&#8221;][vc_empty_space height=&#8221;10px&#8221;][vc_column_text el_class=&#8221;mb-3&#8243;]If you have any questions, please contact us with the following information:[\/vc_column_text]    <div class=\"item mb-3 icon-title-2\">\n        <div class=\"media align-items-center\"><i class=\"fa fa-2x fas fa-map-marker bg-primary\"><\/i>\n            <div class=\"media-body\"> <h5 class=\"text-uppercase text-justify title\">\u0110\u1ecba ch\u1ec9:<\/h5>\n                <p class=\"description text-justify m-0\">Ph\u01b0\u1eddng 6, x\u00e3 T\u00e2n L\u1eadp, huy\u1ec7n S\u00f4ng L\u00f4, t\u1ec9nh V\u0129nh Ph\u00fac, Vi\u1ec7t Nam.<\/p>\n            <\/div><\/div>\n    <\/div>\n    <div class=\"item mb-3 icon-title-2\">\n        <div class=\"media align-items-center\"><i class=\"fa fa-2x fas fa-phone bg-primary\"><\/i>\n            <div class=\"media-body\"> <h5 class=\"text-uppercase text-justify title\">Phone<\/h5>\n                <p class=\"description text-justify m-0\">+84 399 791 493<br \/>\n+65 8299 6868<\/p>\n            <\/div><\/div>\n    <\/div>\n    <div class=\"item mb-3 icon-title-2\">\n        <div class=\"media align-items-center\"><i class=\"fa fa-2x fas fa-envelope bg-primary\"><\/i>\n            <div class=\"media-body\"> <h5 class=\"text-uppercase text-justify title\">Email<\/h5>\n                <p class=\"description text-justify m-0\">phoebe.tran@thevillagechateau.com<\/p>\n            <\/div><\/div>\n    <\/div>\n[\/vc_column][\/vc_row][vc_row full_width=&#8221;stretch_row_content_no_spaces&#8221; css=&#8221;.vc_custom_1706685258211{border-top-width: 4px !important;border-right-width: 4px !important;border-bottom-width: 4px !important;border-left-width: 4px !important;border-left-color: #b49340 !important;border-left-style: solid !important;border-right-color: #b49340 !important;border-right-style: solid !important;border-top-color: #b49340 !important;border-top-style: solid !important;border-bottom-color: #b49340 !important;border-bottom-style: solid !important;}&#8221;][vc_column css=&#8221;.vc_custom_1706685155326{padding-top: 0px !important;}&#8221;][vc_gmaps link=&#8221;#E-8_JTNDaWZyYW1lJTIwc3JjJTNEJTIyaHR0cHMlM0ElMkYlMkZ3d3cuZ29vZ2xlLmNvbSUyRm1hcHMlMkZlbWJlZCUzRnBiJTNEJTIxMW0xOCUyMTFtMTIlMjExbTMlMjExZDQ1MDIuOTA2OTI0NTc5MzA4JTIxMmQxMDUuNDI4NjI0NDA5NTE0NDMlMjEzZDIxLjQxODYwOTI1NjkzNTk0NSUyMTJtMyUyMTFmMCUyMTJmMCUyMTNmMCUyMTNtMiUyMTFpMTAyNCUyMTJpNzY4JTIxNGYxMy4xJTIxM20zJTIxMW0yJTIxMXMweDMxMzRlZDAwMmJmMWJkZDUlMjUzQTB4MTViZjc0NjRlZWE2YjAwZSUyMTJzVGhlJTI1MjBWaWxsYWdlJTI1MjBDaCUyNUMzJTI1QTJ0ZWF1JTIxNWUwJTIxM20yJTIxMXN2aSUyMTJzJTIxNHYxNzA2Njg0OTI5NzIxJTIxNW0yJTIxMXN2aSUyMTJzJTIyJTIwd2lkdGglM0QlMjI2MDAlMjIlMjBoZWlnaHQlM0QlMjI0NTAlMjIlMjBzdHlsZSUzRCUyMmJvcmRlciUzQTAlM0IlMjIlMjBhbGxvd2Z1bGxzY3JlZW4lM0QlMjIlMjIlMjBsb2FkaW5nJTNEJTIybGF6eSUyMiUyMHJlZmVycmVycG9saWN5JTNEJTIybm8tcmVmZXJyZXItd2hlbi1kb3duZ3JhZGUlMjIlM0UlM0MlMkZpZnJhbWUlM0U=&#8221; el_class=&#8221;mb-0&#8243;][\/vc_column][\/vc_row]<\/p>\n<\/div>","protected":false},"excerpt":{"rendered":"<p>[vc_row css=&#8221;.vc_custom_1559548963532{padding-bottom: 35px !important;}&#8221;][vc_column width=&#8221;7\/12&#8243; css=&#8221;.vc_custom_1530458307049{padding-top: 35px !important;padding-right: 15px !important;padding-bottom: 35px !important;padding-left: 15px !important;background-color: #f5f6f6 !important;}&#8221;][vc_custom_heading text=&#8221;Form li\u00ean h\u1ec7&#8221; use_theme_fonts=&#8221;yes&#8221; el_class=&#8221;title medium-size&#8221;][vc_empty_space height=&#8221;10px&#8221;][\/vc_column][vc_column width=&#8221;5\/12&#8243; el_class=&#8221;contact-info&#8221;][vc_custom_heading text=&#8221;Th\u00f4ng tin li\u00ean h\u1ec7&#8221; use_theme_fonts=&#8221;yes&#8221; el_class=&#8221;title medium-size&#8221;][vc_empty_space height=&#8221;10px&#8221;][vc_column_text el_class=&#8221;mb-3&#8243;]If you have any questions, please contact us with the following information:[\/vc_column_text][\/vc_column][\/vc_row][vc_row full_width=&#8221;stretch_row_content_no_spaces&#8221; css=&#8221;.vc_custom_1706685258211{border-top-width: 4px !important;border-right-width: 4px !important;border-bottom-width: 4px !important;border-left-width: 4px !important;border-left-color:<\/p>\n","protected":false},"author":1,"featured_media":0,"parent":0,"menu_order":0,"comment_status":"closed","ping_status":"closed","template":"page-templates\/fullwidthpage.php","meta":{"footnotes":""},"class_list":["post-488","page","type-page","status-publish","hentry"],"acf":[],"yoast_head":"<!-- This site is optimized with the Yoast SEO plugin v24.0 - https:\/\/yoast.com\/wordpress\/plugins\/seo\/ -->\n<title>Li\u00ean h\u1ec7 - The Village Ch\u00e2teau<\/title>\n<meta name=\"robots\" content=\"index, follow, max-snippet:-1, max-image-preview:large, max-video-preview:-1\" \/>\n<link rel=\"canonical\" href=\"https:\/\/thevillagechateau.com\/vi\/lien-he\/\" \/>\n<meta property=\"og:locale\" content=\"vi_VN\" \/>\n<meta property=\"og:type\" content=\"article\" \/>\n<meta property=\"og:title\" content=\"Li\u00ean h\u1ec7 - The Village Ch\u00e2teau\" \/>\n<meta property=\"og:description\" content=\"[vc_row css=&#8221;.vc_custom_1559548963532{padding-bottom: 35px !important;}&#8221;][vc_column width=&#8221;7\/12&#8243; css=&#8221;.vc_custom_1530458307049{padding-top: 35px !important;padding-right: 15px !important;padding-bottom: 35px !important;padding-left: 15px !important;background-color: #f5f6f6 !important;}&#8221;][vc_custom_heading text=&#8221;Form li\u00ean h\u1ec7&#8221; use_theme_fonts=&#8221;yes&#8221; el_class=&#8221;title medium-size&#8221;][vc_empty_space height=&#8221;10px&#8221;][\/vc_column][vc_column width=&#8221;5\/12&#8243; el_class=&#8221;contact-info&#8221;][vc_custom_heading text=&#8221;Th\u00f4ng tin li\u00ean h\u1ec7&#8221; use_theme_fonts=&#8221;yes&#8221; el_class=&#8221;title medium-size&#8221;][vc_empty_space height=&#8221;10px&#8221;][vc_column_text el_class=&#8221;mb-3&#8243;]If you have any questions, please contact us with the following information:[\/vc_column_text][\/vc_column][\/vc_row][vc_row full_width=&#8221;stretch_row_content_no_spaces&#8221; css=&#8221;.vc_custom_1706685258211{border-top-width: 4px !important;border-right-width: 4px !important;border-bottom-width: 4px !important;border-left-width: 4px !important;border-left-color:\" \/>\n<meta property=\"og:url\" content=\"https:\/\/thevillagechateau.com\/vi\/lien-he\/\" \/>\n<meta property=\"og:site_name\" content=\"The Village Ch\u00e2teau\" \/>\n<meta property=\"article:modified_time\" content=\"2025-05-24T15:26:26+00:00\" \/>\n<meta name=\"twitter:card\" content=\"summary_large_image\" \/>\n<meta name=\"twitter:label1\" content=\"Est. reading time\" \/>\n\t<meta name=\"twitter:data1\" content=\"1 minute\" \/>\n<script type=\"application\/ld+json\" class=\"yoast-schema-graph\">{\"@context\":\"https:\/\/schema.org\",\"@graph\":[{\"@type\":\"WebPage\",\"@id\":\"https:\/\/thevillagechateau.com\/vi\/lien-he\/\",\"url\":\"https:\/\/thevillagechateau.com\/vi\/lien-he\/\",\"name\":\"Li\u00ean h\u1ec7 - The Village Ch\u00e2teau\",\"isPartOf\":{\"@id\":\"https:\/\/thevillagechateau.com\/#website\"},\"datePublished\":\"2024-02-21T09:05:24+00:00\",\"dateModified\":\"2025-05-24T15:26:26+00:00\",\"breadcrumb\":{\"@id\":\"https:\/\/thevillagechateau.com\/vi\/lien-he\/#breadcrumb\"},\"inLanguage\":\"vi-VN\",\"potentialAction\":[{\"@type\":\"ReadAction\",\"target\":[\"https:\/\/thevillagechateau.com\/vi\/lien-he\/\"]}]},{\"@type\":\"BreadcrumbList\",\"@id\":\"https:\/\/thevillagechateau.com\/vi\/lien-he\/#breadcrumb\",\"itemListElement\":[{\"@type\":\"ListItem\",\"position\":1,\"name\":\"Trang ch\u1ee7\",\"item\":\"https:\/\/thevillagechateau.com\/vi\/\"},{\"@type\":\"ListItem\",\"position\":2,\"name\":\"Li\u00ean h\u1ec7\"}]},{\"@type\":\"WebSite\",\"@id\":\"https:\/\/thevillagechateau.com\/#website\",\"url\":\"https:\/\/thevillagechateau.com\/\",\"name\":\"The Village Ch\u00e2teau\",\"description\":\"Timeless French Village\",\"potentialAction\":[{\"@type\":\"SearchAction\",\"target\":{\"@type\":\"EntryPoint\",\"urlTemplate\":\"https:\/\/thevillagechateau.com\/?s={search_term_string}\"},\"query-input\":{\"@type\":\"PropertyValueSpecification\",\"valueRequired\":true,\"valueName\":\"search_term_string\"}}],\"inLanguage\":\"vi-VN\"}]}<\/script>\n<!-- \/ Yoast SEO plugin. -->","yoast_head_json":{"title":"Li\u00ean h\u1ec7 - The Village Ch\u00e2teau","robots":{"index":"index","follow":"follow","max-snippet":"max-snippet:-1","max-image-preview":"max-image-preview:large","max-video-preview":"max-video-preview:-1"},"canonical":"https:\/\/thevillagechateau.com\/vi\/lien-he\/","og_locale":"vi_VN","og_type":"article","og_title":"Li\u00ean h\u1ec7 - The Village Ch\u00e2teau","og_description":"[vc_row css=&#8221;.vc_custom_1559548963532{padding-bottom: 35px !important;}&#8221;][vc_column width=&#8221;7\/12&#8243; css=&#8221;.vc_custom_1530458307049{padding-top: 35px !important;padding-right: 15px !important;padding-bottom: 35px !important;padding-left: 15px !important;background-color: #f5f6f6 !important;}&#8221;][vc_custom_heading text=&#8221;Form li\u00ean h\u1ec7&#8221; use_theme_fonts=&#8221;yes&#8221; el_class=&#8221;title medium-size&#8221;][vc_empty_space height=&#8221;10px&#8221;][\/vc_column][vc_column width=&#8221;5\/12&#8243; el_class=&#8221;contact-info&#8221;][vc_custom_heading text=&#8221;Th\u00f4ng tin li\u00ean h\u1ec7&#8221; use_theme_fonts=&#8221;yes&#8221; el_class=&#8221;title medium-size&#8221;][vc_empty_space height=&#8221;10px&#8221;][vc_column_text el_class=&#8221;mb-3&#8243;]If you have any questions, please contact us with the following information:[\/vc_column_text][\/vc_column][\/vc_row][vc_row full_width=&#8221;stretch_row_content_no_spaces&#8221; css=&#8221;.vc_custom_1706685258211{border-top-width: 4px !important;border-right-width: 4px !important;border-bottom-width: 4px !important;border-left-width: 4px !important;border-left-color:","og_url":"https:\/\/thevillagechateau.com\/vi\/lien-he\/","og_site_name":"The Village Ch\u00e2teau","article_modified_time":"2025-05-24T15:26:26+00:00","twitter_card":"summary_large_image","twitter_misc":{"Est. reading time":"1 minute"},"schema":{"@context":"https:\/\/schema.org","@graph":[{"@type":"WebPage","@id":"https:\/\/thevillagechateau.com\/vi\/lien-he\/","url":"https:\/\/thevillagechateau.com\/vi\/lien-he\/","name":"Li\u00ean h\u1ec7 - The Village Ch\u00e2teau","isPartOf":{"@id":"https:\/\/thevillagechateau.com\/#website"},"datePublished":"2024-02-21T09:05:24+00:00","dateModified":"2025-05-24T15:26:26+00:00","breadcrumb":{"@id":"https:\/\/thevillagechateau.com\/vi\/lien-he\/#breadcrumb"},"inLanguage":"vi-VN","potentialAction":[{"@type":"ReadAction","target":["https:\/\/thevillagechateau.com\/vi\/lien-he\/"]}]},{"@type":"BreadcrumbList","@id":"https:\/\/thevillagechateau.com\/vi\/lien-he\/#breadcrumb","itemListElement":[{"@type":"ListItem","position":1,"name":"Trang ch\u1ee7","item":"https:\/\/thevillagechateau.com\/vi\/"},{"@type":"ListItem","position":2,"name":"Li\u00ean h\u1ec7"}]},{"@type":"WebSite","@id":"https:\/\/thevillagechateau.com\/#website","url":"https:\/\/thevillagechateau.com\/","name":"The Village Ch\u00e2teau","description":"Timeless French Village","potentialAction":[{"@type":"SearchAction","target":{"@type":"EntryPoint","urlTemplate":"https:\/\/thevillagechateau.com\/?s={search_term_string}"},"query-input":{"@type":"PropertyValueSpecification","valueRequired":true,"valueName":"search_term_string"}}],"inLanguage":"vi-VN"}]}},"_links":{"self":[{"href":"https:\/\/thevillagechateau.com\/vi\/wp-json\/wp\/v2\/pages\/488","targetHints":{"allow":["GET"]}}],"collection":[{"href":"https:\/\/thevillagechateau.com\/vi\/wp-json\/wp\/v2\/pages"}],"about":[{"href":"https:\/\/thevillagechateau.com\/vi\/wp-json\/wp\/v2\/types\/page"}],"author":[{"embeddable":true,"href":"https:\/\/thevillagechateau.com\/vi\/wp-json\/wp\/v2\/users\/1"}],"replies":[{"embeddable":true,"href":"https:\/\/thevillagechateau.com\/vi\/wp-json\/wp\/v2\/comments?post=488"}],"version-history":[{"count":5,"href":"https:\/\/thevillagechateau.com\/vi\/wp-json\/wp\/v2\/pages\/488\/revisions"}],"predecessor-version":[{"id":1767,"href":"https:\/\/thevillagechateau.com\/vi\/wp-json\/wp\/v2\/pages\/488\/revisions\/1767"}],"wp:attachment":[{"href":"https:\/\/thevillagechateau.com\/vi\/wp-json\/wp\/v2\/media?parent=488"}],"curies":[{"name":"wp","href":"https:\/\/api.w.org\/{rel}","templated":true}]}}