{"id":510,"date":"2024-02-21T23:29:57","date_gmt":"2024-02-21T16:29:57","guid":{"rendered":"https:\/\/thevillagechateau.com\/?page_id=510"},"modified":"2024-02-22T08:51:52","modified_gmt":"2024-02-22T01:51:52","slug":"trai-nghiem","status":"publish","type":"page","link":"https:\/\/thevillagechateau.com\/vi\/trai-nghiem\/","title":{"rendered":"Tr\u1ea3i nghi\u1ec7m"},"content":{"rendered":"<div class=\"wpb-content-wrapper\"><p>[vc_row full_width=&#8221;stretch_row&#8221; el_class=&#8221;bg-overlay&#8221; css=&#8221;.vc_custom_1708397705626{margin-top: -35px !important;background-image: url(http:\/\/thevillagechateau.com\/wp-content\/uploads\/2024\/01\/slider-1.jpg?id=199) !important;}&#8221;][vc_column][vc_empty_space height=&#8221;15vh&#8221;][vc_custom_heading text=&#8221;XUNG QUANH BI\u1ec6T TH\u1ef0&#8221; font_container=&#8221;tag:h2|text_align:center|color:%23ffffff&#8221; use_theme_fonts=&#8221;yes&#8221; el_class=&#8221;title medium-size&#8221;][vc_empty_space height=&#8221;15px&#8221;][vc_column_text el_class=&#8221;text-white&#8221;]<\/p>\n<h2 class=\"vc_custom_heading sub-title\" style=\"text-align: center;\"><span style=\"color: #ffffff;\">KH\u00c1M PH\u00c1 NH\u1eeeNG \u0110\u1ecaA \u0110I\u1ec2M H\u1ea4P D\u1eaaN XUNH QUANG BI\u1ec6T TH\u1ef0<br \/>\n<\/span><\/h2>\n<h2 class=\"vc_custom_heading sub-title\" style=\"text-align: center;\"><span style=\"color: #ffffff;\">R\u1ea4T NHI\u1ec0U G\u00d3C INSTAGRAMABLE \u0110ANG CH\u1edc B\u1ea0N KH\u00c1M PH\u00c1<\/span><\/h2>\n<p>[\/vc_column_text][vc_empty_space height=&#8221;6vh&#8221;][\/vc_column][\/vc_row][vc_row][vc_column][vc_empty_space height=&#8221;5vh&#8221;][\/vc_column][\/vc_row][vc_row][vc_column width=&#8221;1\/3&#8243;]<div class=\"grid-banner\">\n<figure class=\"effect-apollo\">\n\t\t\t\t\t<div class=\"thumbnail\">\n\t\t\t\t\t<img loading=\"lazy\" decoding=\"async\" width=\"790\" height=\"792\" src=\"https:\/\/thevillagechateau.com\/wp-content\/uploads\/2024\/02\/Untitled-design-5.png\" class=\"attachment-full size-full\" alt=\"Untitled Design (5)\" srcset=\"https:\/\/thevillagechateau.com\/wp-content\/uploads\/2024\/02\/Untitled-design-5.png 790w, https:\/\/thevillagechateau.com\/wp-content\/uploads\/2024\/02\/Untitled-design-5-300x300.png 300w, https:\/\/thevillagechateau.com\/wp-content\/uploads\/2024\/02\/Untitled-design-5-150x150.png 150w, https:\/\/thevillagechateau.com\/wp-content\/uploads\/2024\/02\/Untitled-design-5-768x770.png 768w, https:\/\/thevillagechateau.com\/wp-content\/uploads\/2024\/02\/Untitled-design-5-600x602.png 600w, https:\/\/thevillagechateau.com\/wp-content\/uploads\/2024\/02\/Untitled-design-5-100x100.png 100w\" sizes=\"auto, (max-width: 790px) 100vw, 790px\" \/>\t\n\t<\/div>\t\n\t\t\t\t\t\t<div class=\"figcaption\">\n\t\t\t\t\t\t\t<h4 class=\"title\">Tham quan nh\u00e0 m\u00e1y r\u01b0\u1ee3u &amp; th\u1eed r\u01b0\u1ee3u<\/h4>\n\t\t\t\t\t\t\t<p class=\"desc\">Tr\u1ea3i nghi\u1ec7m ch\u1ebf t\u00e1c th\u1ee7 c\u00f4ng v\u1edbi tour tham quan x\u01b0\u1edfng r\u01b0\u1ee3u The Village Ch\u00e2teau Distillery ch\u1ec9 d\u00e0nh ri\u00eang cho kh\u00e1ch \u1edf villa<\/p>\t\t\t\t\t\t\t<a href=\"#\" class=\"view-more\">\u0110\u1ecdc th\u00eam<\/a>\n\t\t\t\t\t\t<\/div>\t\t\t\n\t\t\t\t\t<\/figure>\n\t<\/div>\n[\/vc_column][vc_column width=&#8221;1\/3&#8243;]<div class=\"grid-banner\">\n<figure class=\"effect-apollo\">\n\t\t\t\t\t<div class=\"thumbnail\">\n\t\t\t\t\t<img loading=\"lazy\" decoding=\"async\" width=\"960\" height=\"960\" src=\"https:\/\/thevillagechateau.com\/wp-content\/uploads\/2024\/02\/Sphaghetti-Pizza-Making.jpg\" class=\"attachment-full size-full\" alt=\"Sphaghetti &amp; Pizza Making\" srcset=\"https:\/\/thevillagechateau.com\/wp-content\/uploads\/2024\/02\/Sphaghetti-Pizza-Making.jpg 960w, https:\/\/thevillagechateau.com\/wp-content\/uploads\/2024\/02\/Sphaghetti-Pizza-Making-300x300.jpg 300w, https:\/\/thevillagechateau.com\/wp-content\/uploads\/2024\/02\/Sphaghetti-Pizza-Making-100x100.jpg 100w, https:\/\/thevillagechateau.com\/wp-content\/uploads\/2024\/02\/Sphaghetti-Pizza-Making-600x600.jpg 600w, https:\/\/thevillagechateau.com\/wp-content\/uploads\/2024\/02\/Sphaghetti-Pizza-Making-150x150.jpg 150w, https:\/\/thevillagechateau.com\/wp-content\/uploads\/2024\/02\/Sphaghetti-Pizza-Making-768x768.jpg 768w\" sizes=\"auto, (max-width: 960px) 100vw, 960px\" \/>\t\n\t<\/div>\t\n\t\t\t\t\t\t<div class=\"figcaption\">\n\t\t\t\t\t\t\t<h4 class=\"title\">L\u00e0m m\u1ef3 \u00dd &amp; b\u00e1nh Pizza<\/h4>\n\t\t\t\t\t\t\t<p class=\"desc\">H\u00e3y s\u1eb5n s\u00e0ng x\u1eafn tay \u00e1o v\u00e0 b\u1ed9c l\u1ed9 ti\u1ec1m n\u0103ng \u0111\u1ea7u b\u1ebfp b\u00ean trong b\u1ea1n trong c\u0103n b\u1ebfp xinh \u0111\u1eb9p v\u00e0 khu v\u1ef1c l\u00e0m b\u00e1nh pizza ngo\u00e0i tr\u1eddi \u0111\u00e1ng y\u00eau c\u1ee7a ch\u00fang t\u00f4i. Ch\u00fang t\u00f4i c\u00f3 m\u00e1y l\u00e0m m\u00ec \u00dd v\u00e0 \u0111\u1ebf \u0111\u00e1 n\u01b0\u1edbng b\u00e1nh pizza. N\u1ebfu b\u1ea1n c\u1ea7n 1 h\u01b0\u1edbng d\u1eabn ri\u00eang, ch\u00fang t\u00f4i c\u0169ng c\u00f3 th\u1ec3 cung c\u1ea5p v\u1edbi m\u1ed9t kho\u1ea3n ph\u1ee5 ph\u00ed.<\/p>\t\t\t\t\t\t\t<a href=\"#\" class=\"view-more\">\u0110\u1ecdc th\u00eam<\/a>\n\t\t\t\t\t\t<\/div>\t\t\t\n\t\t\t\t\t<\/figure>\n\t<\/div>\n[\/vc_column][vc_column width=&#8221;1\/3&#8243;]<div class=\"grid-banner\">\n<figure class=\"effect-apollo\">\n\t\t\t\t\t<div class=\"thumbnail\">\n\t\t\t\t\t<img loading=\"lazy\" decoding=\"async\" width=\"790\" height=\"792\" src=\"https:\/\/thevillagechateau.com\/wp-content\/uploads\/2024\/02\/ss.png\" class=\"attachment-full size-full\" alt=\"Ss\" srcset=\"https:\/\/thevillagechateau.com\/wp-content\/uploads\/2024\/02\/ss.png 790w, https:\/\/thevillagechateau.com\/wp-content\/uploads\/2024\/02\/ss-300x300.png 300w, https:\/\/thevillagechateau.com\/wp-content\/uploads\/2024\/02\/ss-150x150.png 150w, https:\/\/thevillagechateau.com\/wp-content\/uploads\/2024\/02\/ss-768x770.png 768w, https:\/\/thevillagechateau.com\/wp-content\/uploads\/2024\/02\/ss-600x602.png 600w, https:\/\/thevillagechateau.com\/wp-content\/uploads\/2024\/02\/ss-100x100.png 100w\" sizes=\"auto, (max-width: 790px) 100vw, 790px\" \/>\t\n\t<\/div>\t\n\t\t\t\t\t\t<div class=\"figcaption\">\n\t\t\t\t\t\t\t<h4 class=\"title\">\u0110\u1ea1p xe<\/h4>\n\t\t\t\t\t\t\t<p class=\"desc\">\u0110\u1ea1p xe quanh l\u00e0ng th\u0103m th\u00fa c\u1ea3nh \u0111\u1ed3ng qu\u00ea thanh b\u00ecnh. Ch\u00fang t\u00f4i c\u00f3 s\u1eb5n xe \u0111\u1ea1p \u1edf t\u1ea1i bi\u1ec7t th\u1ef1.<\/p>\t\t\t\t\t\t\t<a href=\"#\" class=\"view-more\">\u0110\u1ecdc th\u00eam<\/a>\n\t\t\t\t\t\t<\/div>\t\t\t\n\t\t\t\t\t<\/figure>\n\t<\/div>\n[\/vc_column][\/vc_row][vc_row][vc_column width=&#8221;1\/3&#8243;][\/vc_column][vc_column width=&#8221;1\/3&#8243;]<div class=\"grid-banner\">\n<figure class=\"effect-apollo\">\n\t\t\t\t\t<div class=\"thumbnail\">\n\t\t\t\t\t<img loading=\"lazy\" decoding=\"async\" width=\"790\" height=\"792\" src=\"https:\/\/thevillagechateau.com\/wp-content\/uploads\/2024\/02\/Camping.jpg\" class=\"attachment-full size-full\" alt=\"Camping\" srcset=\"https:\/\/thevillagechateau.com\/wp-content\/uploads\/2024\/02\/Camping.jpg 790w, https:\/\/thevillagechateau.com\/wp-content\/uploads\/2024\/02\/Camping-300x300.jpg 300w, https:\/\/thevillagechateau.com\/wp-content\/uploads\/2024\/02\/Camping-100x100.jpg 100w, https:\/\/thevillagechateau.com\/wp-content\/uploads\/2024\/02\/Camping-600x602.jpg 600w, https:\/\/thevillagechateau.com\/wp-content\/uploads\/2024\/02\/Camping-150x150.jpg 150w, https:\/\/thevillagechateau.com\/wp-content\/uploads\/2024\/02\/Camping-768x770.jpg 768w\" sizes=\"auto, (max-width: 790px) 100vw, 790px\" \/>\t\n\t<\/div>\t\n\t\t\t\t\t\t<div class=\"figcaption\">\n\t\t\t\t\t\t\t<h4 class=\"title\">C\u1eafm tr\u1ea1i<\/h4>\n\t\t\t\t\t\t\t<p class=\"desc\">B\u1ea1n c\u00f3 th\u1ec3 c\u1eafm tr\u1ea1i \u1edf ngo\u00e0i v\u01b0\u1eddn, d\u00e3 ngo\u1ea1i ngo\u00e0i tr\u1eddi ho\u1eb7c ng\u1ee7 \u1edf l\u1ec1u v\u00e0o bu\u1ed5i t\u1ed1i \u0111\u1ec3 ng\u1eafm sao. Ch\u00fang t\u00f4i cung c\u1ea5p l\u1ec1u &amp; th\u1ea3m d\u00e3 ngo\u1ea1i<\/p>\t\t\t\t\t\t\t<a href=\"#\" class=\"view-more\">\u0110\u1ecdc th\u00eam<\/a>\n\t\t\t\t\t\t<\/div>\t\t\t\n\t\t\t\t\t<\/figure>\n\t<\/div>\n[\/vc_column][vc_column width=&#8221;1\/3&#8243;][\/vc_column][\/vc_row]<\/p>\n<\/div>","protected":false},"excerpt":{"rendered":"<p>[vc_row full_width=&#8221;stretch_row&#8221; el_class=&#8221;bg-overlay&#8221; css=&#8221;.vc_custom_1708397705626{margin-top: -35px !important;background-image: url(http:\/\/thevillagechateau.com\/wp-content\/uploads\/2024\/01\/slider-1.jpg?id=199) !important;}&#8221;][vc_column][vc_empty_space height=&#8221;15vh&#8221;][vc_custom_heading text=&#8221;XUNG QUANH BI\u1ec6T TH\u1ef0&#8221; font_container=&#8221;tag:h2|text_align:center|color:%23ffffff&#8221; use_theme_fonts=&#8221;yes&#8221; el_class=&#8221;title medium-size&#8221;][vc_empty_space height=&#8221;15px&#8221;][vc_column_text el_class=&#8221;text-white&#8221;] KH\u00c1M PH\u00c1 NH\u1eeeNG \u0110\u1ecaA \u0110I\u1ec2M H\u1ea4P D\u1eaaN XUNH QUANG BI\u1ec6T TH\u1ef0 R\u1ea4T NHI\u1ec0U G\u00d3C INSTAGRAMABLE \u0110ANG CH\u1edc B\u1ea0N KH\u00c1M PH\u00c1 [\/vc_column_text][vc_empty_space height=&#8221;6vh&#8221;][\/vc_column][\/vc_row][vc_row][vc_column][vc_empty_space height=&#8221;5vh&#8221;][\/vc_column][\/vc_row][vc_row][vc_column width=&#8221;1\/3&#8243;][\/vc_column][vc_column width=&#8221;1\/3&#8243;][\/vc_column][vc_column width=&#8221;1\/3&#8243;][\/vc_column][\/vc_row][vc_row][vc_column width=&#8221;1\/3&#8243;][\/vc_column][vc_column width=&#8221;1\/3&#8243;][\/vc_column][vc_column width=&#8221;1\/3&#8243;][\/vc_column][\/vc_row]<\/p>\n","protected":false},"author":1,"featured_media":0,"parent":0,"menu_order":0,"comment_status":"closed","ping_status":"closed","template":"","meta":{"footnotes":""},"class_list":["post-510","page","type-page","status-publish","hentry"],"acf":[],"yoast_head":"<!-- This site is optimized with the Yoast SEO plugin v24.0 - https:\/\/yoast.com\/wordpress\/plugins\/seo\/ -->\n<title>Tr\u1ea3i nghi\u1ec7m - The Village Ch\u00e2teau<\/title>\n<meta name=\"robots\" content=\"index, follow, max-snippet:-1, max-image-preview:large, max-video-preview:-1\" \/>\n<link rel=\"canonical\" href=\"https:\/\/thevillagechateau.com\/experiences\/\" \/>\n<meta property=\"og:locale\" content=\"vi_VN\" \/>\n<meta property=\"og:type\" content=\"article\" \/>\n<meta property=\"og:title\" content=\"Tr\u1ea3i nghi\u1ec7m - The Village Ch\u00e2teau\" \/>\n<meta property=\"og:description\" content=\"[vc_row full_width=&#8221;stretch_row&#8221; el_class=&#8221;bg-overlay&#8221; css=&#8221;.vc_custom_1708397705626{margin-top: -35px !important;background-image: url(http:\/\/thevillagechateau.com\/wp-content\/uploads\/2024\/01\/slider-1.jpg?id=199) !important;}&#8221;][vc_column][vc_empty_space height=&#8221;15vh&#8221;][vc_custom_heading text=&#8221;XUNG QUANH BI\u1ec6T TH\u1ef0&#8221; font_container=&#8221;tag:h2|text_align:center|color:%23ffffff&#8221; use_theme_fonts=&#8221;yes&#8221; el_class=&#8221;title medium-size&#8221;][vc_empty_space height=&#8221;15px&#8221;][vc_column_text el_class=&#8221;text-white&#8221;] KH\u00c1M PH\u00c1 NH\u1eeeNG \u0110\u1ecaA \u0110I\u1ec2M H\u1ea4P D\u1eaaN XUNH QUANG BI\u1ec6T TH\u1ef0 R\u1ea4T NHI\u1ec0U G\u00d3C INSTAGRAMABLE \u0110ANG CH\u1edc B\u1ea0N KH\u00c1M PH\u00c1 [\/vc_column_text][vc_empty_space height=&#8221;6vh&#8221;][\/vc_column][\/vc_row][vc_row][vc_column][vc_empty_space height=&#8221;5vh&#8221;][\/vc_column][\/vc_row][vc_row][vc_column width=&#8221;1\/3&#8243;][\/vc_column][vc_column width=&#8221;1\/3&#8243;][\/vc_column][vc_column width=&#8221;1\/3&#8243;][\/vc_column][\/vc_row][vc_row][vc_column width=&#8221;1\/3&#8243;][\/vc_column][vc_column width=&#8221;1\/3&#8243;][\/vc_column][vc_column width=&#8221;1\/3&#8243;][\/vc_column][\/vc_row]\" \/>\n<meta property=\"og:url\" content=\"https:\/\/thevillagechateau.com\/experiences\/\" \/>\n<meta property=\"og:site_name\" content=\"The Village Ch\u00e2teau\" \/>\n<meta property=\"article:modified_time\" content=\"2024-02-22T01:51:52+00:00\" \/>\n<meta name=\"twitter:card\" content=\"summary_large_image\" \/>\n<meta name=\"twitter:label1\" content=\"Est. reading time\" \/>\n\t<meta name=\"twitter:data1\" content=\"2 minutes\" \/>\n<script type=\"application\/ld+json\" class=\"yoast-schema-graph\">{\"@context\":\"https:\/\/schema.org\",\"@graph\":[{\"@type\":\"WebPage\",\"@id\":\"https:\/\/thevillagechateau.com\/experiences\/\",\"url\":\"https:\/\/thevillagechateau.com\/experiences\/\",\"name\":\"Tr\u1ea3i nghi\u1ec7m - The Village Ch\u00e2teau\",\"isPartOf\":{\"@id\":\"https:\/\/thevillagechateau.com\/#website\"},\"datePublished\":\"2024-02-21T16:29:57+00:00\",\"dateModified\":\"2024-02-22T01:51:52+00:00\",\"breadcrumb\":{\"@id\":\"https:\/\/thevillagechateau.com\/experiences\/#breadcrumb\"},\"inLanguage\":\"vi-VN\",\"potentialAction\":[{\"@type\":\"ReadAction\",\"target\":[\"https:\/\/thevillagechateau.com\/experiences\/\"]}]},{\"@type\":\"BreadcrumbList\",\"@id\":\"https:\/\/thevillagechateau.com\/experiences\/#breadcrumb\",\"itemListElement\":[{\"@type\":\"ListItem\",\"position\":1,\"name\":\"Trang ch\u1ee7\",\"item\":\"https:\/\/thevillagechateau.com\/vi\/\"},{\"@type\":\"ListItem\",\"position\":2,\"name\":\"Tr\u1ea3i nghi\u1ec7m\"}]},{\"@type\":\"WebSite\",\"@id\":\"https:\/\/thevillagechateau.com\/#website\",\"url\":\"https:\/\/thevillagechateau.com\/\",\"name\":\"The Village Ch\u00e2teau\",\"description\":\"Timeless French Village\",\"potentialAction\":[{\"@type\":\"SearchAction\",\"target\":{\"@type\":\"EntryPoint\",\"urlTemplate\":\"https:\/\/thevillagechateau.com\/?s={search_term_string}\"},\"query-input\":{\"@type\":\"PropertyValueSpecification\",\"valueRequired\":true,\"valueName\":\"search_term_string\"}}],\"inLanguage\":\"vi-VN\"}]}<\/script>\n<!-- \/ Yoast SEO plugin. -->","yoast_head_json":{"title":"Tr\u1ea3i nghi\u1ec7m - The Village Ch\u00e2teau","robots":{"index":"index","follow":"follow","max-snippet":"max-snippet:-1","max-image-preview":"max-image-preview:large","max-video-preview":"max-video-preview:-1"},"canonical":"https:\/\/thevillagechateau.com\/experiences\/","og_locale":"vi_VN","og_type":"article","og_title":"Tr\u1ea3i nghi\u1ec7m - The Village Ch\u00e2teau","og_description":"[vc_row full_width=&#8221;stretch_row&#8221; el_class=&#8221;bg-overlay&#8221; css=&#8221;.vc_custom_1708397705626{margin-top: -35px !important;background-image: url(http:\/\/thevillagechateau.com\/wp-content\/uploads\/2024\/01\/slider-1.jpg?id=199) !important;}&#8221;][vc_column][vc_empty_space height=&#8221;15vh&#8221;][vc_custom_heading text=&#8221;XUNG QUANH BI\u1ec6T TH\u1ef0&#8221; font_container=&#8221;tag:h2|text_align:center|color:%23ffffff&#8221; use_theme_fonts=&#8221;yes&#8221; el_class=&#8221;title medium-size&#8221;][vc_empty_space height=&#8221;15px&#8221;][vc_column_text el_class=&#8221;text-white&#8221;] KH\u00c1M PH\u00c1 NH\u1eeeNG \u0110\u1ecaA \u0110I\u1ec2M H\u1ea4P D\u1eaaN XUNH QUANG BI\u1ec6T TH\u1ef0 R\u1ea4T NHI\u1ec0U G\u00d3C INSTAGRAMABLE \u0110ANG CH\u1edc B\u1ea0N KH\u00c1M PH\u00c1 [\/vc_column_text][vc_empty_space height=&#8221;6vh&#8221;][\/vc_column][\/vc_row][vc_row][vc_column][vc_empty_space height=&#8221;5vh&#8221;][\/vc_column][\/vc_row][vc_row][vc_column width=&#8221;1\/3&#8243;][\/vc_column][vc_column width=&#8221;1\/3&#8243;][\/vc_column][vc_column width=&#8221;1\/3&#8243;][\/vc_column][\/vc_row][vc_row][vc_column width=&#8221;1\/3&#8243;][\/vc_column][vc_column width=&#8221;1\/3&#8243;][\/vc_column][vc_column width=&#8221;1\/3&#8243;][\/vc_column][\/vc_row]","og_url":"https:\/\/thevillagechateau.com\/experiences\/","og_site_name":"The Village Ch\u00e2teau","article_modified_time":"2024-02-22T01:51:52+00:00","twitter_card":"summary_large_image","twitter_misc":{"Est. reading time":"2 minutes"},"schema":{"@context":"https:\/\/schema.org","@graph":[{"@type":"WebPage","@id":"https:\/\/thevillagechateau.com\/experiences\/","url":"https:\/\/thevillagechateau.com\/experiences\/","name":"Tr\u1ea3i nghi\u1ec7m - The Village Ch\u00e2teau","isPartOf":{"@id":"https:\/\/thevillagechateau.com\/#website"},"datePublished":"2024-02-21T16:29:57+00:00","dateModified":"2024-02-22T01:51:52+00:00","breadcrumb":{"@id":"https:\/\/thevillagechateau.com\/experiences\/#breadcrumb"},"inLanguage":"vi-VN","potentialAction":[{"@type":"ReadAction","target":["https:\/\/thevillagechateau.com\/experiences\/"]}]},{"@type":"BreadcrumbList","@id":"https:\/\/thevillagechateau.com\/experiences\/#breadcrumb","itemListElement":[{"@type":"ListItem","position":1,"name":"Trang ch\u1ee7","item":"https:\/\/thevillagechateau.com\/vi\/"},{"@type":"ListItem","position":2,"name":"Tr\u1ea3i nghi\u1ec7m"}]},{"@type":"WebSite","@id":"https:\/\/thevillagechateau.com\/#website","url":"https:\/\/thevillagechateau.com\/","name":"The Village Ch\u00e2teau","description":"Timeless French Village","potentialAction":[{"@type":"SearchAction","target":{"@type":"EntryPoint","urlTemplate":"https:\/\/thevillagechateau.com\/?s={search_term_string}"},"query-input":{"@type":"PropertyValueSpecification","valueRequired":true,"valueName":"search_term_string"}}],"inLanguage":"vi-VN"}]}},"_links":{"self":[{"href":"https:\/\/thevillagechateau.com\/vi\/wp-json\/wp\/v2\/pages\/510","targetHints":{"allow":["GET"]}}],"collection":[{"href":"https:\/\/thevillagechateau.com\/vi\/wp-json\/wp\/v2\/pages"}],"about":[{"href":"https:\/\/thevillagechateau.com\/vi\/wp-json\/wp\/v2\/types\/page"}],"author":[{"embeddable":true,"href":"https:\/\/thevillagechateau.com\/vi\/wp-json\/wp\/v2\/users\/1"}],"replies":[{"embeddable":true,"href":"https:\/\/thevillagechateau.com\/vi\/wp-json\/wp\/v2\/comments?post=510"}],"version-history":[{"count":4,"href":"https:\/\/thevillagechateau.com\/vi\/wp-json\/wp\/v2\/pages\/510\/revisions"}],"predecessor-version":[{"id":516,"href":"https:\/\/thevillagechateau.com\/vi\/wp-json\/wp\/v2\/pages\/510\/revisions\/516"}],"wp:attachment":[{"href":"https:\/\/thevillagechateau.com\/vi\/wp-json\/wp\/v2\/media?parent=510"}],"curies":[{"name":"wp","href":"https:\/\/api.w.org\/{rel}","templated":true}]}}