{"id":513,"date":"2024-02-21T23:31:11","date_gmt":"2024-02-21T16:31:11","guid":{"rendered":"https:\/\/thevillagechateau.com\/?page_id=513"},"modified":"2024-02-27T11:18:44","modified_gmt":"2024-02-27T04:18:44","slug":"ve-chung-toi","status":"publish","type":"page","link":"https:\/\/thevillagechateau.com\/vi\/ve-chung-toi\/","title":{"rendered":"V\u1ec1 ch\u00fang t\u00f4i"},"content":{"rendered":"<div class=\"wpb-content-wrapper\"><p>[vc_row][vc_column width=&#8221;1\/2&#8243;][vc_custom_heading text=&#8221;Ch\u00e0o b\u1ea1n!&#8221; font_container=&#8221;tag:h3|text_align:left&#8221; use_theme_fonts=&#8221;yes&#8221; css_animation=&#8221;fadeInLeft&#8221; el_class=&#8221;title medium-size&#8221;][vc_custom_heading text=&#8221;R\u1ea5t vui v\u00ec b\u1ea1n \u0111\u00e3 gh\u00e9 th\u0103m.<\/p>\n<p>B\u1ea1n c\u00f3 th\u1ec3 \u0111ang t\u00f2 m\u00f2 v\u00ec sao c\u00f3 m\u1ed9t bi\u1ec7t th\u1ef1 ki\u1ec3u Ph\u00e1p \u1edf mi\u1ec1n qu\u00ea ph\u00eda B\u1eafc Vi\u1ec7t Nam. H\u00e3y \u0111\u1ec3 t\u00f4i k\u1ec3 cho b\u1ea1n nghe c\u00e2u chuy\u1ec7n nh\u1ecf c\u1ee7a t\u00f4i.<br \/>\n&#8221; font_container=&#8221;tag:h3|text_align:left&#8221; use_theme_fonts=&#8221;yes&#8221; css_animation=&#8221;fadeInLeft&#8221; el_class=&#8221;title small-size&#8221;][\/vc_column][vc_column width=&#8221;1\/2&#8243;][vc_single_image image=&#8221;412&#8243; img_size=&#8221;1920&#215;1080&#8243;][\/vc_column][\/vc_row][vc_row][vc_column width=&#8221;1\/2&#8243;][vc_single_image image=&#8221;420&#8243; img_size=&#8221;1508&#215;1080&#8243;][\/vc_column][vc_column width=&#8221;1\/2&#8243;][vc_column_text]T\u00f4i c\u00f3 m\u1ed9t kh\u1edfi \u0111\u1ea7u khi\u00eam t\u1ed1n, gi\u1ed1ng nh\u01b0 m\u1ecdi ng\u01b0\u1eddi \u1edf qu\u00ea, n\u01a1i nh\u1eefng ng\u01b0\u1eddi n\u00f4ng d\u00e2n th\u00e2n thi\u1ec7n ki\u1ebfm s\u1ed1ng b\u1eb1ng c\u00e1ch tr\u1ed3ng l\u00faa, nu\u00f4i gia s\u00fac, ho\u1eb7c l\u00e0m ngh\u1ec1 th\u1ee7 c\u00f4ng truy\u1ec1n th\u1ed1ng. Tu\u1ed5i th\u01a1 t\u00f4i l\u00e0 nh\u1eefng bu\u1ed5i chi\u1ec1u ch\u0103n tr\u00e2u sau gi\u1edd h\u1ecdc tr\u00ean c\u00e1nh \u0111\u1ed3ng, \u0111i th\u1ea3 di\u1ec1u trong \u00e1nh ho\u00e0ng h\u00f4n c\u1ee7a chi\u1ec1u h\u00e8, hay \u0111i v\u1eb7t ng\u00f4 non \u0111\u1ec3 l\u00e0m b\u00fap b\u00ea, v.v. T\u00f4i y\u00eau s\u1ef1 y\u00ean b\u00ecnh m\u00e0 l\u00e0ng qu\u00ea \u0111\u01a1n gi\u1ea3n mang l\u1ea1i, nh\u01b0ng c\u0169ng mu\u1ed1n kh\u00e1m ph\u00e1 th\u00eam v\u1ec1 th\u1ebf gi\u1edbi. T\u1eeb l\u00e0ng qu\u00ea \u1ea5y, t\u00f4i \u0111\u00e3 \u0111i xa v\u00e0 sinh s\u1ed1ng \u1edf nhi\u1ec1u n\u01a1i tr\u00ean th\u1ebf gi\u1edbi t\u1eeb H\u00e0 N\u1ed9i \u0111\u1ebfn Toronto, Vancouver, Bangkok, H\u1ed3 Ch\u00ed Minh, v\u00e0 hi\u1ec7n nay l\u00e0 \u1edf Singapore. T\u00f4i \u0111\u00e3 x\u00e2y d\u1ef1ng s\u1ef1 nghi\u1ec7p trong l\u0129nh v\u1ef1c c\u00f4ng ngh\u1ec7 sang ch\u1ea3nh, l\u00e0m vi\u1ec7c cho c\u00e1c t\u1eadp \u0111o\u00e0n l\u1edbn nh\u01b0 IBM, Oracle, Facebook v\u00e0 Google. Tuy nhi\u00ean, c\u00f3 1 kh\u00e1t khao &#8211; c\u1ea3m gi\u00e1c \u201cincomplete\u201d, s\u1ef1 nh\u1edb nhung, mong mu\u1ed1n k\u1ebft n\u1ed1i nhi\u1ec1u h\u01a1n v\u1edbi ngu\u1ed3n g\u1ed1c c\u1ee7a m\u00ecnh ch\u00ednh l\u00e0 \u0111\u1ed9ng l\u1ef1c cho t\u00f4i x\u00e2y d\u1ef1ng The Village Ch\u00e2teau.[\/vc_column_text][\/vc_column][\/vc_row][vc_row][vc_column][vc_column_text]Qu\u00ea t\u00f4i g\u1ea7n v\u1edbi Tam \u0110\u1ea3o c\u00f3 nhi\u1ec1u \u1ea3nh h\u01b0\u1edfng t\u1eeb Ph\u00e1p, t\u1eeb ki\u1ebfn tr\u00fac \u0111\u1ebfn \u1ea9m th\u1ef1c, n\u01a1i t\u00f4i l\u1edbn l\u00ean \u0103n b\u00e1nh m\u00ec v\u00e0o bu\u1ed5i s\u00e1ng. T\u00f4i y\u00eau th\u00edch l\u00e0ng qu\u00ea Ph\u00e1p v\u1edbi nh\u1eefng c\u00e1nh \u0111\u1ed3ng l\u00faa m\u00ec b\u1ea5t t\u1eadn, nh\u1eefng v\u01b0\u1eddn nho tuy\u1ec7t \u0111\u1eb9p v\u00e0 nh\u1eefng l\u00e2u \u0111\u00e0i b\u1ea5t h\u1ee7. T\u00f4i mu\u1ed1n k\u1ebft h\u1ee3p phong c\u00e1ch v\u00e0 v\u0103n h\u00f3a Vi\u1ec7t Nam v\u1edbi s\u1ef1 thanh l\u1ecbch v\u00e0 \u1ea3nh h\u01b0\u1edfng c\u1ee7a Ph\u00e1p \u0111\u1ec3 t\u1ea1o n\u00ean The Village Ch\u00e2teau. The Village Ch\u00e2teau \u0111\u01b0\u1ee3c thi\u1ebft k\u1ebf v\u00e0 x\u00e2y d\u1ef1ng b\u1edfi m\u1ed9t ki\u1ebfn tr\u00fac s\u01b0 \u0111\u1ecba ph\u01b0\u01a1ng t\u00e0i n\u0103ng, ng\u01b0\u1eddi \u0111\u00e3 r\u1ea5t kh\u00e9o l\u00e9o trong vi\u1ec7c v\u1eeba b\u1ea3o t\u1ed3n m\u1ed9t s\u1ed1 ph\u1ea7n t\u1eeb ng\u00f4i nh\u00e0 c\u0169 ki\u1ec3u Vi\u1ec7t Nam v\u00e0 k\u1ebft h\u1ee3p v\u1edbi ki\u1ebfn tr\u00fac mi\u1ec1n Nam Ph\u00e1p. Ch\u00fang t\u00f4i s\u1eed d\u1ee5ng ngh\u1ec7 nh\u00e2n \u0111\u1ecba ph\u01b0\u01a1ng \u0111\u1ec3 t\u1ea1o t\u1ea1c ra b\u1ed1n b\u1ee9c t\u01b0\u1ee3ng t\u1eeb g\u1ed7 t\u00e1i ch\u1ebf t\u1eeb c\u1ed9t chu\u1ed3ng tr\u00e2u c\u1ee7a ng\u00f4i nh\u00e0 g\u1ed1c. M\u1ed9t s\u1ed1 c\u00e1nh c\u1eeda c\u0169 t\u1eeb nh\u00e0 c\u0169 c\u0169ng \u0111\u01b0\u1ee3c s\u1eed d\u1ee5ng l\u1ea1i. N\u1ebfu b\u1ea1n gh\u00e9 th\u0103m The Village Ch\u00e2teau, b\u1ea1n s\u1ebd th\u1ea5y nh\u1eefng b\u1ee9c tranh s\u01a1n m\u00e0i c\u1ee7a m\u1ed9t em b\u00e9 \u0111ang th\u1ea3 di\u1ec1u, ho\u1eb7c \u0111i ch\u0103n tr\u00e2u tr\u00ean c\u00e1nh \u0111\u1ed3ng gi\u1ed1ng nh\u01b0 k\u00fd \u1ee9c tu\u1ed5i th\u01a1 c\u1ee7a t\u00f4i. B\u1ea1n s\u1ebd th\u1ea5y c\u00e1nh \u0111\u1ed3ng l\u00faa ph\u00eda tr\u01b0\u1edbc v\u00e0 ph\u00eda sau Ch\u00e2teau. B\u1ea1n c\u00f3 th\u1ec3 \u0111i h\u00e1i nho, d\u00e2u v\u00e0 thanh long \u1edf c\u00e1c trang tr\u1ea1i xanh. T\u00f4i c\u0169ng m\u1edf ra c\u00f4ng ty s\u1ea3n xu\u1ea5t r\u01b0\u1ee3u The Village Ch\u00e2teau Distillery v\u1edbi \u01b0\u1edbc m\u01a1 t\u1ea1o vi\u1ec7c l\u00e0m cho ng\u01b0\u1eddi d\u00e2n trong l\u00e0ng v\u00e0 s\u1ea3n xu\u1ea5t ra th\u01b0\u01a1ng hi\u1ec7u r\u01b0\u1ee3u v\u1edbi ch\u1ea5t l\u01b0\u1ee3ng qu\u1ed1c t\u1ebf, s\u1eed d\u1ee5ng nguy\u00ean li\u1ec7u g\u1ea1o Vi\u1ec7t Nam t\u1ed1t nh\u1ea5t. B\u1ea1n c\u00f3 th\u1ec3 th\u1eed r\u01b0\u1ee3u vang Ph\u00e1p nh\u1eadp kh\u1ea9u v\u00e0 c\u00e1c lo\u1ea1i r\u01b0\u1ee3u \u0111\u01b0\u1ee3c s\u1ea3n xu\u1ea5t c\u1ee7a th\u01b0\u01a1ng hi\u1ec7u The Village Ch\u00e2teau. T\u00f4i tin ch\u00fang t\u00f4i c\u00f3 th\u1ec3 t\u1ea1o ra nh\u1eefng vi\u00ean ng\u1ecdc t\u1eeb l\u00e0ng qu\u00ea mi\u1ec1n B\u1eafc h\u1ebft \u0111\u1ed7i \u0111\u01a1n s\u01a1 n\u00e0y. The Village Ch\u00e2teau kh\u00f4ng ch\u1ec9 l\u00e0 nh\u00e0 ngh\u1ec9 d\u01b0\u1ee1ng c\u1ee7a gia \u0111\u00ecnh, n\u01a1i ch\u00fang t\u00f4i k\u1ebft n\u1ed1i \u0111\u1ec3 t\u1ea1o ra nh\u1eefng k\u1ef7 ni\u1ec7m vui, m\u00e0 c\u00f2n l\u00e0 n\u01a1i t\u00f4n vinh k\u00fd \u1ee9c, ngh\u1ec7 thu\u1eadt, ngh\u1ec1 th\u1ee7 c\u00f4ng, t\u00ecnh y\u00eau s\u01b0u t\u1ea7m v\u00e0 ho\u00e0 m\u00ecnh v\u00e0o v\u1edbi thi\u00ean nhi\u00ean. T\u1eebng chi ti\u1ebft t\u1eeb nh\u1ecf nh\u1ea5t c\u1ee7a Ch\u00e2teau \u0111\u01b0\u1ee3c thi\u1ebft k\u1ebf, ch\u0103m s\u00f3c t\u1ec9 m\u1ec9 v\u1edbi r\u1ea5t nhi\u1ec1u \u0111am m\u00ea v\u00e0 t\u00ecnh y\u00eau.<\/p>\n<p>T\u00f4i hy v\u1ecdng \u0111\u01b0\u1ee3c g\u1eb7p b\u1ea1n t\u1ea1i The Village Ch\u00e2teau!<\/p>\n<p>With Love,<\/p>\n<p>Phoebe Tr\u1ea7n[\/vc_column_text][\/vc_column][\/vc_row]<\/p>\n<\/div>","protected":false},"excerpt":{"rendered":"<p>[vc_row][vc_column width=&#8221;1\/2&#8243;][vc_custom_heading text=&#8221;Ch\u00e0o b\u1ea1n!&#8221; font_container=&#8221;tag:h3|text_align:left&#8221; use_theme_fonts=&#8221;yes&#8221; css_animation=&#8221;fadeInLeft&#8221; el_class=&#8221;title medium-size&#8221;][vc_custom_heading text=&#8221;R\u1ea5t vui v\u00ec b\u1ea1n \u0111\u00e3 gh\u00e9 th\u0103m. B\u1ea1n c\u00f3 th\u1ec3 \u0111ang t\u00f2 m\u00f2 v\u00ec sao c\u00f3 m\u1ed9t bi\u1ec7t th\u1ef1 ki\u1ec3u Ph\u00e1p \u1edf mi\u1ec1n qu\u00ea ph\u00eda B\u1eafc Vi\u1ec7t Nam. H\u00e3y \u0111\u1ec3 t\u00f4i k\u1ec3 cho b\u1ea1n nghe c\u00e2u chuy\u1ec7n nh\u1ecf c\u1ee7a t\u00f4i. &#8221; font_container=&#8221;tag:h3|text_align:left&#8221; use_theme_fonts=&#8221;yes&#8221; css_animation=&#8221;fadeInLeft&#8221; el_class=&#8221;title small-size&#8221;][\/vc_column][vc_column<\/p>\n","protected":false},"author":1,"featured_media":0,"parent":0,"menu_order":0,"comment_status":"closed","ping_status":"closed","template":"page-templates\/fullwidthpage.php","meta":{"footnotes":""},"class_list":["post-513","page","type-page","status-publish","hentry"],"acf":[],"yoast_head":"<!-- This site is optimized with the Yoast SEO plugin v24.0 - https:\/\/yoast.com\/wordpress\/plugins\/seo\/ -->\n<title>V\u1ec1 ch\u00fang t\u00f4i - The Village Ch\u00e2teau<\/title>\n<meta name=\"robots\" content=\"index, follow, max-snippet:-1, max-image-preview:large, max-video-preview:-1\" \/>\n<link rel=\"canonical\" href=\"https:\/\/thevillagechateau.com\/vi\/ve-chung-toi\/\" \/>\n<meta property=\"og:locale\" content=\"vi_VN\" \/>\n<meta property=\"og:type\" content=\"article\" \/>\n<meta property=\"og:title\" content=\"V\u1ec1 ch\u00fang t\u00f4i - The Village Ch\u00e2teau\" \/>\n<meta property=\"og:description\" content=\"[vc_row][vc_column width=&#8221;1\/2&#8243;][vc_custom_heading text=&#8221;Ch\u00e0o b\u1ea1n!&#8221; font_container=&#8221;tag:h3|text_align:left&#8221; use_theme_fonts=&#8221;yes&#8221; css_animation=&#8221;fadeInLeft&#8221; el_class=&#8221;title medium-size&#8221;][vc_custom_heading text=&#8221;R\u1ea5t vui v\u00ec b\u1ea1n \u0111\u00e3 gh\u00e9 th\u0103m. B\u1ea1n c\u00f3 th\u1ec3 \u0111ang t\u00f2 m\u00f2 v\u00ec sao c\u00f3 m\u1ed9t bi\u1ec7t th\u1ef1 ki\u1ec3u Ph\u00e1p \u1edf mi\u1ec1n qu\u00ea ph\u00eda B\u1eafc Vi\u1ec7t Nam. H\u00e3y \u0111\u1ec3 t\u00f4i k\u1ec3 cho b\u1ea1n nghe c\u00e2u chuy\u1ec7n nh\u1ecf c\u1ee7a t\u00f4i. &#8221; font_container=&#8221;tag:h3|text_align:left&#8221; use_theme_fonts=&#8221;yes&#8221; css_animation=&#8221;fadeInLeft&#8221; el_class=&#8221;title small-size&#8221;][\/vc_column][vc_column\" \/>\n<meta property=\"og:url\" content=\"https:\/\/thevillagechateau.com\/vi\/ve-chung-toi\/\" \/>\n<meta property=\"og:site_name\" content=\"The Village Ch\u00e2teau\" \/>\n<meta property=\"article:modified_time\" content=\"2024-02-27T04:18:44+00:00\" \/>\n<meta name=\"twitter:card\" content=\"summary_large_image\" \/>\n<meta name=\"twitter:label1\" content=\"Est. reading time\" \/>\n\t<meta name=\"twitter:data1\" content=\"5 minutes\" \/>\n<script type=\"application\/ld+json\" class=\"yoast-schema-graph\">{\"@context\":\"https:\/\/schema.org\",\"@graph\":[{\"@type\":\"WebPage\",\"@id\":\"https:\/\/thevillagechateau.com\/vi\/ve-chung-toi\/\",\"url\":\"https:\/\/thevillagechateau.com\/vi\/ve-chung-toi\/\",\"name\":\"V\u1ec1 ch\u00fang t\u00f4i - The Village Ch\u00e2teau\",\"isPartOf\":{\"@id\":\"https:\/\/thevillagechateau.com\/#website\"},\"datePublished\":\"2024-02-21T16:31:11+00:00\",\"dateModified\":\"2024-02-27T04:18:44+00:00\",\"breadcrumb\":{\"@id\":\"https:\/\/thevillagechateau.com\/vi\/ve-chung-toi\/#breadcrumb\"},\"inLanguage\":\"vi-VN\",\"potentialAction\":[{\"@type\":\"ReadAction\",\"target\":[\"https:\/\/thevillagechateau.com\/vi\/ve-chung-toi\/\"]}]},{\"@type\":\"BreadcrumbList\",\"@id\":\"https:\/\/thevillagechateau.com\/vi\/ve-chung-toi\/#breadcrumb\",\"itemListElement\":[{\"@type\":\"ListItem\",\"position\":1,\"name\":\"Trang ch\u1ee7\",\"item\":\"https:\/\/thevillagechateau.com\/vi\/\"},{\"@type\":\"ListItem\",\"position\":2,\"name\":\"V\u1ec1 ch\u00fang t\u00f4i\"}]},{\"@type\":\"WebSite\",\"@id\":\"https:\/\/thevillagechateau.com\/#website\",\"url\":\"https:\/\/thevillagechateau.com\/\",\"name\":\"The Village Ch\u00e2teau\",\"description\":\"Timeless French Village\",\"potentialAction\":[{\"@type\":\"SearchAction\",\"target\":{\"@type\":\"EntryPoint\",\"urlTemplate\":\"https:\/\/thevillagechateau.com\/?s={search_term_string}\"},\"query-input\":{\"@type\":\"PropertyValueSpecification\",\"valueRequired\":true,\"valueName\":\"search_term_string\"}}],\"inLanguage\":\"vi-VN\"}]}<\/script>\n<!-- \/ Yoast SEO plugin. -->","yoast_head_json":{"title":"V\u1ec1 ch\u00fang t\u00f4i - The Village Ch\u00e2teau","robots":{"index":"index","follow":"follow","max-snippet":"max-snippet:-1","max-image-preview":"max-image-preview:large","max-video-preview":"max-video-preview:-1"},"canonical":"https:\/\/thevillagechateau.com\/vi\/ve-chung-toi\/","og_locale":"vi_VN","og_type":"article","og_title":"V\u1ec1 ch\u00fang t\u00f4i - The Village Ch\u00e2teau","og_description":"[vc_row][vc_column width=&#8221;1\/2&#8243;][vc_custom_heading text=&#8221;Ch\u00e0o b\u1ea1n!&#8221; font_container=&#8221;tag:h3|text_align:left&#8221; use_theme_fonts=&#8221;yes&#8221; css_animation=&#8221;fadeInLeft&#8221; el_class=&#8221;title medium-size&#8221;][vc_custom_heading text=&#8221;R\u1ea5t vui v\u00ec b\u1ea1n \u0111\u00e3 gh\u00e9 th\u0103m. B\u1ea1n c\u00f3 th\u1ec3 \u0111ang t\u00f2 m\u00f2 v\u00ec sao c\u00f3 m\u1ed9t bi\u1ec7t th\u1ef1 ki\u1ec3u Ph\u00e1p \u1edf mi\u1ec1n qu\u00ea ph\u00eda B\u1eafc Vi\u1ec7t Nam. H\u00e3y \u0111\u1ec3 t\u00f4i k\u1ec3 cho b\u1ea1n nghe c\u00e2u chuy\u1ec7n nh\u1ecf c\u1ee7a t\u00f4i. &#8221; font_container=&#8221;tag:h3|text_align:left&#8221; use_theme_fonts=&#8221;yes&#8221; css_animation=&#8221;fadeInLeft&#8221; el_class=&#8221;title small-size&#8221;][\/vc_column][vc_column","og_url":"https:\/\/thevillagechateau.com\/vi\/ve-chung-toi\/","og_site_name":"The Village Ch\u00e2teau","article_modified_time":"2024-02-27T04:18:44+00:00","twitter_card":"summary_large_image","twitter_misc":{"Est. reading time":"5 minutes"},"schema":{"@context":"https:\/\/schema.org","@graph":[{"@type":"WebPage","@id":"https:\/\/thevillagechateau.com\/vi\/ve-chung-toi\/","url":"https:\/\/thevillagechateau.com\/vi\/ve-chung-toi\/","name":"V\u1ec1 ch\u00fang t\u00f4i - The Village Ch\u00e2teau","isPartOf":{"@id":"https:\/\/thevillagechateau.com\/#website"},"datePublished":"2024-02-21T16:31:11+00:00","dateModified":"2024-02-27T04:18:44+00:00","breadcrumb":{"@id":"https:\/\/thevillagechateau.com\/vi\/ve-chung-toi\/#breadcrumb"},"inLanguage":"vi-VN","potentialAction":[{"@type":"ReadAction","target":["https:\/\/thevillagechateau.com\/vi\/ve-chung-toi\/"]}]},{"@type":"BreadcrumbList","@id":"https:\/\/thevillagechateau.com\/vi\/ve-chung-toi\/#breadcrumb","itemListElement":[{"@type":"ListItem","position":1,"name":"Trang ch\u1ee7","item":"https:\/\/thevillagechateau.com\/vi\/"},{"@type":"ListItem","position":2,"name":"V\u1ec1 ch\u00fang t\u00f4i"}]},{"@type":"WebSite","@id":"https:\/\/thevillagechateau.com\/#website","url":"https:\/\/thevillagechateau.com\/","name":"The Village Ch\u00e2teau","description":"Timeless French Village","potentialAction":[{"@type":"SearchAction","target":{"@type":"EntryPoint","urlTemplate":"https:\/\/thevillagechateau.com\/?s={search_term_string}"},"query-input":{"@type":"PropertyValueSpecification","valueRequired":true,"valueName":"search_term_string"}}],"inLanguage":"vi-VN"}]}},"_links":{"self":[{"href":"https:\/\/thevillagechateau.com\/vi\/wp-json\/wp\/v2\/pages\/513","targetHints":{"allow":["GET"]}}],"collection":[{"href":"https:\/\/thevillagechateau.com\/vi\/wp-json\/wp\/v2\/pages"}],"about":[{"href":"https:\/\/thevillagechateau.com\/vi\/wp-json\/wp\/v2\/types\/page"}],"author":[{"embeddable":true,"href":"https:\/\/thevillagechateau.com\/vi\/wp-json\/wp\/v2\/users\/1"}],"replies":[{"embeddable":true,"href":"https:\/\/thevillagechateau.com\/vi\/wp-json\/wp\/v2\/comments?post=513"}],"version-history":[{"count":3,"href":"https:\/\/thevillagechateau.com\/vi\/wp-json\/wp\/v2\/pages\/513\/revisions"}],"predecessor-version":[{"id":609,"href":"https:\/\/thevillagechateau.com\/vi\/wp-json\/wp\/v2\/pages\/513\/revisions\/609"}],"wp:attachment":[{"href":"https:\/\/thevillagechateau.com\/vi\/wp-json\/wp\/v2\/media?parent=513"}],"curies":[{"name":"wp","href":"https:\/\/api.w.org\/{rel}","templated":true}]}}