{"id":505,"date":"2024-02-21T23:26:06","date_gmt":"2024-02-21T16:26:06","guid":{"rendered":"https:\/\/thevillagechateau.com\/?post_type=product&#038;p=505"},"modified":"2024-09-07T20:51:44","modified_gmt":"2024-09-07T13:51:44","slug":"biet-thu-chateau","status":"publish","type":"product","link":"https:\/\/thevillagechateau.com\/vi\/room\/biet-thu-chateau\/","title":{"rendered":"Bi\u1ec7t th\u1ef1 Ch\u00e2teau"},"content":{"rendered":"<p>Tr\u1ed1n tho\u00e1t \u0111\u1ebfn The Village Ch\u00e2teau, m\u1ed9t bi\u1ec7t th\u1ef1 sang tr\u1ecdng \u0111\u01b0\u1ee3c t\u1ecda l\u1ea1c trong khung c\u1ea3nh tuy\u1ec7t \u0111\u1eb9p. V\u1edbi kh\u00f4ng gian r\u1ed9ng r\u00e3i, bao g\u1ed3m ba ph\u00f2ng ng\u1ee7 suites v\u00e0 hai ph\u00f2ng ng\u1ee7 th\u01b0\u1eddng, villa c\u1ee7a ch\u00fang t\u00f4i mang l\u1ea1i s\u1ef1 tho\u1ea3i m\u00e1i cho t\u1ed1i \u0111a 16 kh\u00e1ch. H\u00e3y t\u1eadn h\u01b0\u1edfng c\u1ea3nh n\u00fai l\u1ed9ng l\u1eaby v\u00e0 h\u1ed3 b\u01a1i tuy\u1ec7t \u0111\u1eb9p, t\u1ea1o n\u00ean m\u1ed9t ph\u00f4ng n\u1ec1n y\u00ean b\u00ecnh cho vi\u1ec7c th\u01b0 gi\u00e3n.<\/p>\n<p>Th\u1ea3 m\u00ecnh v\u00e0o c\u00e1c ho\u1ea1t \u0111\u1ed9ng \u0111a d\u1ea1ng trong su\u1ed1t th\u1eddi gian l\u01b0u tr\u00fa. T\u1eadn h\u01b0\u1edfng m\u1ed9t bu\u1ed5i t\u1eafm m\u00e1t s\u1ea3ng kho\u00e1i trong h\u1ed3 b\u01a1i m\u1eddi g\u1ecdi, kh\u00e1m ph\u00e1 nh\u1eefng c\u1ea3nh quan \u0111\u1eb9p qua c\u00e1c chuy\u1ebfn \u0111i b\u1ed9 ho\u1eb7c \u0111i xe \u0111\u1ea1p, v\u00e0 th\u01b0 gi\u00e3n tr\u00ean b\u1ea3ng gh\u1ebf c\u1ee7a ch\u00fang t\u00f4i v\u1edbi c\u1ea3nh quan tuy\u1ec7t \u0111\u1eb9p c\u1ee7a c\u00e1nh \u0111\u1ed3ng l\u00faa xanh m\u01b0\u1edbt. Ngh\u1ec9 ng\u01a1i trong c\u00e1c khu v\u1ef1c chung \u0111\u01b0\u1ee3c trang b\u1ecb t\u1ed1t, k\u1ebft n\u1ed1i v\u1edbi ng\u01b0\u1eddi th\u00e2n y\u00eau v\u00e0 th\u1ecfa s\u1ee9c th\u01b0\u1edfng th\u1ee9c li\u1ec7u ph\u00e1p spa \u0111\u1ec3 t\u1eadn h\u01b0\u1edfng s\u1ef1 th\u01b0 gi\u00e3n v\u00e0 l\u00e0m \u0111\u1eb9p ho\u00e0n h\u1ea3o.<\/p>\n<p>H\u00e3y \u0111\u1eb7t ngay m\u1ed9t k\u00ec ngh\u1ec9 t\u1ea1i The Village Ch\u00e2teau v\u00e0 tr\u1ea3i nghi\u1ec7m s\u1ef1 sang tr\u1ecdng gi\u1eefa v\u1ebb \u0111\u1eb9p thi\u00ean nhi\u00ean tuy\u1ec7t v\u1eddi.<\/p>\n","protected":false},"excerpt":{"rendered":"<p>Tr\u1ed1n tho\u00e1t \u0111\u1ebfn The Village Ch\u00e2teau, m\u1ed9t bi\u1ec7t th\u1ef1 sang tr\u1ecdng \u0111\u01b0\u1ee3c t\u1ecda l\u1ea1c trong khung c\u1ea3nh tuy\u1ec7t \u0111\u1eb9p. V\u1edbi kh\u00f4ng gian r\u1ed9ng r\u00e3i, bao g\u1ed3m ba ph\u00f2ng ng\u1ee7 suites v\u00e0 hai ph\u00f2ng ng\u1ee7 th\u01b0\u1eddng, villa c\u1ee7a ch\u00fang t\u00f4i mang l\u1ea1i s\u1ef1 tho\u1ea3i m\u00e1i cho t\u1ed1i \u0111a 16 kh\u00e1ch. H\u00e3y t\u1eadn h\u01b0\u1edfng c\u1ea3nh n\u00fai l\u1ed9ng<\/p>\n","protected":false},"featured_media":319,"template":"","meta":[],"product_cat":[],"product_tag":[],"class_list":{"0":"post-505","1":"product","2":"type-product","3":"status-publish","4":"has-post-thumbnail","7":"first","8":"instock","9":"virtual","10":"purchasable","11":"product-type-simple"},"acf":[],"yoast_head":"<!-- This site is optimized with the Yoast SEO plugin v24.0 - https:\/\/yoast.com\/wordpress\/plugins\/seo\/ -->\n<title>Bi\u1ec7t th\u1ef1 Ch\u00e2teau - The Village Ch\u00e2teau<\/title>\n<meta name=\"robots\" content=\"index, follow, max-snippet:-1, max-image-preview:large, max-video-preview:-1\" \/>\n<link rel=\"canonical\" href=\"https:\/\/thevillagechateau.com\/vi\/room\/biet-thu-chateau\/\" \/>\n<meta property=\"og:locale\" content=\"vi_VN\" \/>\n<meta property=\"og:type\" content=\"article\" \/>\n<meta property=\"og:title\" content=\"Bi\u1ec7t th\u1ef1 Ch\u00e2teau - The Village Ch\u00e2teau\" \/>\n<meta property=\"og:description\" content=\"Tr\u1ed1n tho\u00e1t \u0111\u1ebfn The Village Ch\u00e2teau, m\u1ed9t bi\u1ec7t th\u1ef1 sang tr\u1ecdng \u0111\u01b0\u1ee3c t\u1ecda l\u1ea1c trong khung c\u1ea3nh tuy\u1ec7t \u0111\u1eb9p. V\u1edbi kh\u00f4ng gian r\u1ed9ng r\u00e3i, bao g\u1ed3m ba ph\u00f2ng ng\u1ee7 suites v\u00e0 hai ph\u00f2ng ng\u1ee7 th\u01b0\u1eddng, villa c\u1ee7a ch\u00fang t\u00f4i mang l\u1ea1i s\u1ef1 tho\u1ea3i m\u00e1i cho t\u1ed1i \u0111a 16 kh\u00e1ch. H\u00e3y t\u1eadn h\u01b0\u1edfng c\u1ea3nh n\u00fai l\u1ed9ng\" \/>\n<meta property=\"og:url\" content=\"https:\/\/thevillagechateau.com\/vi\/room\/biet-thu-chateau\/\" \/>\n<meta property=\"og:site_name\" content=\"The Village Ch\u00e2teau\" \/>\n<meta property=\"article:modified_time\" content=\"2024-09-07T13:51:44+00:00\" \/>\n<meta property=\"og:image\" content=\"https:\/\/thevillagechateau.com\/wp-content\/uploads\/2024\/02\/CP-3-Copy.jpg\" \/>\n\t<meta property=\"og:image:width\" content=\"1600\" \/>\n\t<meta property=\"og:image:height\" content=\"1067\" \/>\n\t<meta property=\"og:image:type\" content=\"image\/jpeg\" \/>\n<meta name=\"twitter:card\" content=\"summary_large_image\" \/>\n<meta name=\"twitter:label1\" content=\"Est. reading time\" \/>\n\t<meta name=\"twitter:data1\" content=\"2 minutes\" \/>\n<script type=\"application\/ld+json\" class=\"yoast-schema-graph\">{\"@context\":\"https:\/\/schema.org\",\"@graph\":[{\"@type\":\"WebPage\",\"@id\":\"https:\/\/thevillagechateau.com\/vi\/room\/biet-thu-chateau\/\",\"url\":\"https:\/\/thevillagechateau.com\/vi\/room\/biet-thu-chateau\/\",\"name\":\"Bi\u1ec7t th\u1ef1 Ch\u00e2teau - The Village Ch\u00e2teau\",\"isPartOf\":{\"@id\":\"https:\/\/thevillagechateau.com\/#website\"},\"primaryImageOfPage\":{\"@id\":\"https:\/\/thevillagechateau.com\/vi\/room\/biet-thu-chateau\/#primaryimage\"},\"image\":{\"@id\":\"https:\/\/thevillagechateau.com\/vi\/room\/biet-thu-chateau\/#primaryimage\"},\"thumbnailUrl\":\"https:\/\/thevillagechateau.com\/wp-content\/uploads\/2024\/02\/CP-3-Copy.jpg\",\"datePublished\":\"2024-02-21T16:26:06+00:00\",\"dateModified\":\"2024-09-07T13:51:44+00:00\",\"breadcrumb\":{\"@id\":\"https:\/\/thevillagechateau.com\/vi\/room\/biet-thu-chateau\/#breadcrumb\"},\"inLanguage\":\"vi-VN\",\"potentialAction\":[{\"@type\":\"ReadAction\",\"target\":[\"https:\/\/thevillagechateau.com\/vi\/room\/biet-thu-chateau\/\"]}]},{\"@type\":\"ImageObject\",\"inLanguage\":\"vi-VN\",\"@id\":\"https:\/\/thevillagechateau.com\/vi\/room\/biet-thu-chateau\/#primaryimage\",\"url\":\"https:\/\/thevillagechateau.com\/wp-content\/uploads\/2024\/02\/CP-3-Copy.jpg\",\"contentUrl\":\"https:\/\/thevillagechateau.com\/wp-content\/uploads\/2024\/02\/CP-3-Copy.jpg\",\"width\":1600,\"height\":1067,\"caption\":\"Cp 3 (copy)\"},{\"@type\":\"BreadcrumbList\",\"@id\":\"https:\/\/thevillagechateau.com\/vi\/room\/biet-thu-chateau\/#breadcrumb\",\"itemListElement\":[{\"@type\":\"ListItem\",\"position\":1,\"name\":\"Trang ch\u1ee7\",\"item\":\"https:\/\/thevillagechateau.com\/vi\/\"},{\"@type\":\"ListItem\",\"position\":2,\"name\":\"Room\",\"item\":\"https:\/\/thevillagechateau.com\/room\/\"},{\"@type\":\"ListItem\",\"position\":3,\"name\":\"Bi\u1ec7t th\u1ef1 Ch\u00e2teau\"}]},{\"@type\":\"WebSite\",\"@id\":\"https:\/\/thevillagechateau.com\/#website\",\"url\":\"https:\/\/thevillagechateau.com\/\",\"name\":\"The Village Ch\u00e2teau\",\"description\":\"Timeless French Village\",\"potentialAction\":[{\"@type\":\"SearchAction\",\"target\":{\"@type\":\"EntryPoint\",\"urlTemplate\":\"https:\/\/thevillagechateau.com\/?s={search_term_string}\"},\"query-input\":{\"@type\":\"PropertyValueSpecification\",\"valueRequired\":true,\"valueName\":\"search_term_string\"}}],\"inLanguage\":\"vi-VN\"}]}<\/script>\n<!-- \/ Yoast SEO plugin. -->","yoast_head_json":{"title":"Bi\u1ec7t th\u1ef1 Ch\u00e2teau - The Village Ch\u00e2teau","robots":{"index":"index","follow":"follow","max-snippet":"max-snippet:-1","max-image-preview":"max-image-preview:large","max-video-preview":"max-video-preview:-1"},"canonical":"https:\/\/thevillagechateau.com\/vi\/room\/biet-thu-chateau\/","og_locale":"vi_VN","og_type":"article","og_title":"Bi\u1ec7t th\u1ef1 Ch\u00e2teau - The Village Ch\u00e2teau","og_description":"Tr\u1ed1n tho\u00e1t \u0111\u1ebfn The Village Ch\u00e2teau, m\u1ed9t bi\u1ec7t th\u1ef1 sang tr\u1ecdng \u0111\u01b0\u1ee3c t\u1ecda l\u1ea1c trong khung c\u1ea3nh tuy\u1ec7t \u0111\u1eb9p. V\u1edbi kh\u00f4ng gian r\u1ed9ng r\u00e3i, bao g\u1ed3m ba ph\u00f2ng ng\u1ee7 suites v\u00e0 hai ph\u00f2ng ng\u1ee7 th\u01b0\u1eddng, villa c\u1ee7a ch\u00fang t\u00f4i mang l\u1ea1i s\u1ef1 tho\u1ea3i m\u00e1i cho t\u1ed1i \u0111a 16 kh\u00e1ch. H\u00e3y t\u1eadn h\u01b0\u1edfng c\u1ea3nh n\u00fai l\u1ed9ng","og_url":"https:\/\/thevillagechateau.com\/vi\/room\/biet-thu-chateau\/","og_site_name":"The Village Ch\u00e2teau","article_modified_time":"2024-09-07T13:51:44+00:00","og_image":[{"width":1600,"height":1067,"url":"https:\/\/thevillagechateau.com\/wp-content\/uploads\/2024\/02\/CP-3-Copy.jpg","type":"image\/jpeg"}],"twitter_card":"summary_large_image","twitter_misc":{"Est. reading time":"2 minutes"},"schema":{"@context":"https:\/\/schema.org","@graph":[{"@type":"WebPage","@id":"https:\/\/thevillagechateau.com\/vi\/room\/biet-thu-chateau\/","url":"https:\/\/thevillagechateau.com\/vi\/room\/biet-thu-chateau\/","name":"Bi\u1ec7t th\u1ef1 Ch\u00e2teau - The Village Ch\u00e2teau","isPartOf":{"@id":"https:\/\/thevillagechateau.com\/#website"},"primaryImageOfPage":{"@id":"https:\/\/thevillagechateau.com\/vi\/room\/biet-thu-chateau\/#primaryimage"},"image":{"@id":"https:\/\/thevillagechateau.com\/vi\/room\/biet-thu-chateau\/#primaryimage"},"thumbnailUrl":"https:\/\/thevillagechateau.com\/wp-content\/uploads\/2024\/02\/CP-3-Copy.jpg","datePublished":"2024-02-21T16:26:06+00:00","dateModified":"2024-09-07T13:51:44+00:00","breadcrumb":{"@id":"https:\/\/thevillagechateau.com\/vi\/room\/biet-thu-chateau\/#breadcrumb"},"inLanguage":"vi-VN","potentialAction":[{"@type":"ReadAction","target":["https:\/\/thevillagechateau.com\/vi\/room\/biet-thu-chateau\/"]}]},{"@type":"ImageObject","inLanguage":"vi-VN","@id":"https:\/\/thevillagechateau.com\/vi\/room\/biet-thu-chateau\/#primaryimage","url":"https:\/\/thevillagechateau.com\/wp-content\/uploads\/2024\/02\/CP-3-Copy.jpg","contentUrl":"https:\/\/thevillagechateau.com\/wp-content\/uploads\/2024\/02\/CP-3-Copy.jpg","width":1600,"height":1067,"caption":"Cp 3 (copy)"},{"@type":"BreadcrumbList","@id":"https:\/\/thevillagechateau.com\/vi\/room\/biet-thu-chateau\/#breadcrumb","itemListElement":[{"@type":"ListItem","position":1,"name":"Trang ch\u1ee7","item":"https:\/\/thevillagechateau.com\/vi\/"},{"@type":"ListItem","position":2,"name":"Room","item":"https:\/\/thevillagechateau.com\/room\/"},{"@type":"ListItem","position":3,"name":"Bi\u1ec7t th\u1ef1 Ch\u00e2teau"}]},{"@type":"WebSite","@id":"https:\/\/thevillagechateau.com\/#website","url":"https:\/\/thevillagechateau.com\/","name":"The Village Ch\u00e2teau","description":"Timeless French Village","potentialAction":[{"@type":"SearchAction","target":{"@type":"EntryPoint","urlTemplate":"https:\/\/thevillagechateau.com\/?s={search_term_string}"},"query-input":{"@type":"PropertyValueSpecification","valueRequired":true,"valueName":"search_term_string"}}],"inLanguage":"vi-VN"}]}},"_links":{"self":[{"href":"https:\/\/thevillagechateau.com\/vi\/wp-json\/wp\/v2\/product\/505","targetHints":{"allow":["GET"]}}],"collection":[{"href":"https:\/\/thevillagechateau.com\/vi\/wp-json\/wp\/v2\/product"}],"about":[{"href":"https:\/\/thevillagechateau.com\/vi\/wp-json\/wp\/v2\/types\/product"}],"wp:featuredmedia":[{"embeddable":true,"href":"https:\/\/thevillagechateau.com\/vi\/wp-json\/wp\/v2\/media\/319"}],"wp:attachment":[{"href":"https:\/\/thevillagechateau.com\/vi\/wp-json\/wp\/v2\/media?parent=505"}],"wp:term":[{"taxonomy":"product_cat","embeddable":true,"href":"https:\/\/thevillagechateau.com\/vi\/wp-json\/wp\/v2\/product_cat?post=505"},{"taxonomy":"product_tag","embeddable":true,"href":"https:\/\/thevillagechateau.com\/vi\/wp-json\/wp\/v2\/product_tag?post=505"}],"curies":[{"name":"wp","href":"https:\/\/api.w.org\/{rel}","templated":true}]}}